{"id":1630,"date":"2022-06-10T11:54:03","date_gmt":"2022-06-10T09:54:03","guid":{"rendered":"https:\/\/www.vallillo.it\/politique-privee\/"},"modified":"2023-09-06T15:10:11","modified_gmt":"2023-09-06T13:10:11","slug":"politique-privee","status":"publish","type":"page","link":"https:\/\/www.vallillo.it\/fr\/politique-privee\/","title":{"rendered":"Politique Priv\u00e9e"},"content":{"rendered":"\t\t<div data-elementor-type=\"wp-page\" data-elementor-id=\"1630\" class=\"elementor elementor-1630 elementor-3\" data-elementor-settings=\"{&quot;element_pack_global_tooltip_width&quot;:{&quot;unit&quot;:&quot;px&quot;,&quot;size&quot;:&quot;&quot;,&quot;sizes&quot;:[]},&quot;element_pack_global_tooltip_width_tablet&quot;:{&quot;unit&quot;:&quot;px&quot;,&quot;size&quot;:&quot;&quot;,&quot;sizes&quot;:[]},&quot;element_pack_global_tooltip_width_mobile&quot;:{&quot;unit&quot;:&quot;px&quot;,&quot;size&quot;:&quot;&quot;,&quot;sizes&quot;:[]},&quot;element_pack_global_tooltip_padding&quot;:{&quot;unit&quot;:&quot;px&quot;,&quot;top&quot;:&quot;&quot;,&quot;right&quot;:&quot;&quot;,&quot;bottom&quot;:&quot;&quot;,&quot;left&quot;:&quot;&quot;,&quot;isLinked&quot;:true},&quot;element_pack_global_tooltip_padding_tablet&quot;:{&quot;unit&quot;:&quot;px&quot;,&quot;top&quot;:&quot;&quot;,&quot;right&quot;:&quot;&quot;,&quot;bottom&quot;:&quot;&quot;,&quot;left&quot;:&quot;&quot;,&quot;isLinked&quot;:true},&quot;element_pack_global_tooltip_padding_mobile&quot;:{&quot;unit&quot;:&quot;px&quot;,&quot;top&quot;:&quot;&quot;,&quot;right&quot;:&quot;&quot;,&quot;bottom&quot;:&quot;&quot;,&quot;left&quot;:&quot;&quot;,&quot;isLinked&quot;:true},&quot;element_pack_global_tooltip_border_radius&quot;:{&quot;unit&quot;:&quot;px&quot;,&quot;top&quot;:&quot;&quot;,&quot;right&quot;:&quot;&quot;,&quot;bottom&quot;:&quot;&quot;,&quot;left&quot;:&quot;&quot;,&quot;isLinked&quot;:true},&quot;element_pack_global_tooltip_border_radius_tablet&quot;:{&quot;unit&quot;:&quot;px&quot;,&quot;top&quot;:&quot;&quot;,&quot;right&quot;:&quot;&quot;,&quot;bottom&quot;:&quot;&quot;,&quot;left&quot;:&quot;&quot;,&quot;isLinked&quot;:true},&quot;element_pack_global_tooltip_border_radius_mobile&quot;:{&quot;unit&quot;:&quot;px&quot;,&quot;top&quot;:&quot;&quot;,&quot;right&quot;:&quot;&quot;,&quot;bottom&quot;:&quot;&quot;,&quot;left&quot;:&quot;&quot;,&quot;isLinked&quot;:true}}\" data-elementor-post-type=\"page\">\n\t\t\t\t\t\t<section class=\"elementor-section elementor-top-section elementor-element elementor-element-497f6d3 elementor-section-boxed elementor-section-height-default elementor-section-height-default\" data-id=\"497f6d3\" data-element_type=\"section\" data-e-type=\"section\" data-settings=\"{&quot;jet_parallax_layout_list&quot;:[{&quot;jet_parallax_layout_image&quot;:{&quot;url&quot;:&quot;&quot;,&quot;id&quot;:&quot;&quot;,&quot;size&quot;:&quot;&quot;},&quot;_id&quot;:&quot;b7c08c2&quot;,&quot;jet_parallax_layout_image_tablet&quot;:{&quot;url&quot;:&quot;&quot;,&quot;id&quot;:&quot;&quot;,&quot;size&quot;:&quot;&quot;},&quot;jet_parallax_layout_image_mobile&quot;:{&quot;url&quot;:&quot;&quot;,&quot;id&quot;:&quot;&quot;,&quot;size&quot;:&quot;&quot;},&quot;jet_parallax_layout_speed&quot;:{&quot;unit&quot;:&quot;%&quot;,&quot;size&quot;:50,&quot;sizes&quot;:[]},&quot;jet_parallax_layout_type&quot;:&quot;scroll&quot;,&quot;jet_parallax_layout_direction&quot;:null,&quot;jet_parallax_layout_fx_direction&quot;:null,&quot;jet_parallax_layout_z_index&quot;:&quot;&quot;,&quot;jet_parallax_layout_bg_x&quot;:50,&quot;jet_parallax_layout_bg_x_tablet&quot;:&quot;&quot;,&quot;jet_parallax_layout_bg_x_mobile&quot;:&quot;&quot;,&quot;jet_parallax_layout_bg_y&quot;:50,&quot;jet_parallax_layout_bg_y_tablet&quot;:&quot;&quot;,&quot;jet_parallax_layout_bg_y_mobile&quot;:&quot;&quot;,&quot;jet_parallax_layout_bg_size&quot;:&quot;auto&quot;,&quot;jet_parallax_layout_bg_size_tablet&quot;:&quot;&quot;,&quot;jet_parallax_layout_bg_size_mobile&quot;:&quot;&quot;,&quot;jet_parallax_layout_animation_prop&quot;:&quot;transform&quot;,&quot;jet_parallax_layout_on&quot;:[&quot;desktop&quot;,&quot;tablet&quot;]}]}\">\n\t\t\t\t\t\t<div class=\"elementor-container elementor-column-gap-default\">\n\t\t\t\t\t<div class=\"elementor-column elementor-col-100 elementor-top-column elementor-element elementor-element-8fd4b0e\" data-id=\"8fd4b0e\" data-element_type=\"column\" data-e-type=\"column\">\n\t\t\t<div class=\"elementor-widget-wrap elementor-element-populated\">\n\t\t\t\t\t\t<div class=\"elementor-element elementor-element-b52a7d1 elementor-widget elementor-widget-text-editor\" data-id=\"b52a7d1\" data-element_type=\"widget\" data-e-type=\"widget\" data-widget_type=\"text-editor.default\">\n\t\t\t\t<div class=\"elementor-widget-container\">\n\t\t\t\t\t\t\t\t\t<p>Responsable du traitement<\/p><p>Agrival 3T<\/p><p>Contrada Casale Defensa<\/p><p>Serracapriola (FG) &#8211; Pouilles-Italiey<\/p><p>\u00a0<\/p><p>Adresse e-mail du propri\u00e9taire: info@vallillo.it<\/p><p>\u00a0<\/p><p>Types de donn\u00e9es collect\u00e9es<\/p><p>Figurent parmi les types de donn\u00e9es personnelles que ce site Web collecte directement ou en recourant \u00e0 des tiers: pr\u00e9nom, nom de famille, adresse e-mail, Cookies et donn\u00e9es d&#8217;utilisation.<\/p><p>Des d\u00e9tails complets sur chaque type de donn\u00e9es collect\u00e9es sont fournis dans les sections d\u00e9di\u00e9es de la pr\u00e9sente politique de confidentialit\u00e9 ou via des textes d&#8217;information sp\u00e9cifiques affich\u00e9s avant la collecte des donn\u00e9es.<\/p><p>Les donn\u00e9es personnelles peuvent \u00eatre librement fournies par l&#8217;utilisateur ou, dans le cas des donn\u00e9es d&#8217;utilisation, collect\u00e9es automatiquement lors de l&#8217;utilisation de ce siteb<\/p><p>Sauf indication contraire, toutes les donn\u00e9es demand\u00e9es par ce site. Si l&#8217;utilisateur refuse de les communiquer, cela peut \u00eatre impossible pour ce site. Dans les cas o\u00f9 ce site indique certaines donn\u00e9es comme facultatives, les utilisateurs sont libres de s&#8217;abstenir de communiquer ces donn\u00e9es, sans que cela n&#8217;ait de cons\u00e9quence sur la disponibilit\u00e9 du service ou son fonctionnement.<\/p><p>Les utilisateurs qui ont des doutes sur les donn\u00e9es obligatoires sont invit\u00e9s \u00e0 contacter le responsable du traitement.<\/p><p>Toute utilisation de cookies &#8211; ou d&#8217;autres outils de suivi-par ce site ou par les propri\u00e9taires de services tiers utilis\u00e9s par ce site, sauf indication contraire, a pour but de fournir le service demand\u00e9 par l&#8217;utilisateur, outre les finalit\u00e9s suppl\u00e9mentaires d\u00e9crites dans ce document et dans la politique relative aux cookies, si elle est disponible.<\/p><p>L&#8217;utilisateur assume la responsabilit\u00e9 des donn\u00e9es personnelles de tiers obtenues, publi\u00e9es ou partag\u00e9es via ce site.<\/p><p>\u00a0<\/p><p>M\u00e9thode et lieu de traitement des donn\u00e9es collect\u00e9es<\/p><p>M\u00e9thodes de traitement<\/p><p>Le responsable du traitement prend les mesures de s\u00e9curit\u00e9 appropri\u00e9es pour emp\u00eacher l&#8217;acc\u00e8s, la divulgation, la modification ou la destruction non autoris\u00e9s des donn\u00e9es personnelles.<\/p><p>Le traitement est effectu\u00e9 \u00e0 l&#8217;aide d&#8217;outils informatiques et\/ou t\u00e9l\u00e9matiques, avec des m\u00e9thodes d&#8217;organisation et avec une logique strictement li\u00e9e aux finalit\u00e9s indiqu\u00e9es. Outre le responsable du traitement, dans certains cas, d&#8217;autres parties impliqu\u00e9es dans l&#8217;organisation de ce site peuvent avoir acc\u00e8s aux donn\u00e9es (administrateurs administratifs, commerciaux, marketing, juridiques, administrateurs syst\u00e8me) ou des parties externes (telles que des prestataires techniques tiers, des courriers postaux, des h\u00e9bergeurs, des soci\u00e9t\u00e9s informatiques, des agences de communication) \u00e9galement d\u00e9sign\u00e9es, le cas \u00e9ch\u00e9ant, comme sous-traitants par le responsable du traitement. La liste mise \u00e0 jour des responsables du traitement peut toujours \u00eatre demand\u00e9e au responsable du traitement.<\/p><p>\u00a0<\/p><p>Base juridique du traitement<\/p><p>Le responsable du traitement traite les donn\u00e9es personnelles relatives \u00e0 l&#8217;utilisateur si l&#8217;une des conditions suivantes existe:<\/p><p>\u00a0<\/p><p>l&#8217;utilisateur a donn\u00e9 son consentement pour une ou plusieurs finalit\u00e9s sp\u00e9cifiques; remarque: dans certaines juridictions, le responsable du traitement peut \u00eatre autoris\u00e9 \u00e0 traiter des donn\u00e9es personnelles sans le consentement de l&#8217;utilisateur ou une autre des bases juridiques sp\u00e9cifi\u00e9es ci-dessous, jusqu&#8217;\u00e0 ce que l&#8217;utilisateur s&#8217;oppose (\u201copt-out\u201d) \u00e0 un tel traitement. Toutefois, cela ne s&#8217;applique pas lorsque le traitement des donn\u00e9es personnelles est r\u00e9glement\u00e9 par la l\u00e9gislation europ\u00e9enne sur la protection des donn\u00e9es;<\/p><p>le traitement est n\u00e9cessaire \u00e0 l&#8217;ex\u00e9cution d&#8217;un contrat avec l&#8217;utilisateur et \/ ou \u00e0 l&#8217;ex\u00e9cution de mesures pr\u00e9contractuelles;<\/p><p>le traitement est n\u00e9cessaire pour remplir une obligation l\u00e9gale \u00e0 laquelle le responsable du traitement est soumis;<\/p><p>le traitement est n\u00e9cessaire \u00e0 l&#8217;ex\u00e9cution d&#8217;une mission d&#8217;int\u00e9r\u00eat public ou \u00e0 l&#8217;exercice de l&#8217;autorit\u00e9 publique dont est investi le responsable du traitement;<\/p><p>le traitement est n\u00e9cessaire \u00e0 la poursuite de l&#8217;int\u00e9r\u00eat l\u00e9gitime du responsable du traitement ou de tiers.<\/p><p>Il est cependant toujours possible de demander au responsable du traitement de clarifier la base juridique concr\u00e8te de chaque traitement et notamment de pr\u00e9ciser si le traitement est bas\u00e9 sur la loi, pr\u00e9vu par un contrat ou n\u00e9cessaire \u00e0 la conclusion d&#8217;un contrat.<\/p><p>\u00a0<\/p><p>Lieu<\/p><p>Les donn\u00e9es sont trait\u00e9es au si\u00e8ge op\u00e9rationnel du responsable du traitement et dans tout autre lieu o\u00f9 se trouvent les parties impliqu\u00e9es dans le traitement. Pour plus d&#8217;informations, contactez le propri\u00e9taire.<\/p><p>Vos donn\u00e9es personnelles peuvent \u00eatre transf\u00e9r\u00e9es vers un pays autre que celui dans lequel vous vous trouvez. Pour obtenir de plus amples informations sur le lieu de traitement, l&#8217;utilisateur peut se r\u00e9f\u00e9rer \u00e0 la section sur les d\u00e9tails sur le traitement des donn\u00e9es personnelles.<\/p><p>L&#8217;utilisateur a le droit d&#8217;obtenir des informations sur la base juridique du transfert de donn\u00e9es en dehors de l&#8217;Union europ\u00e9enne ou vers une organisation internationale r\u00e9gie par le droit international public ou compos\u00e9e de deux ou plusieurs pays, tels que l&#8217;ONU, ainsi que sur les mesures de s\u00e9curit\u00e9 prises par le responsable du traitement pour prot\u00e9ger les donn\u00e9es.<\/p><p>L&#8217;utilisateur peut v\u00e9rifier si l&#8217;un des transferts d\u00e9crits ci-dessus a lieu en examinant la section de ce document relative aux d\u00e9tails sur le traitement des donn\u00e9es personnelles ou demander des informations au responsable du traitement en le contactant aux coordonn\u00e9es indiqu\u00e9es au d\u00e9but.<\/p><p>\u00a0<\/p><p>Dur\u00e9e de conservation<\/p><p>Les donn\u00e9es sont trait\u00e9es et stock\u00e9es pendant le temps requis par les finalit\u00e9s pour lesquelles elles ont \u00e9t\u00e9 collect\u00e9es.<\/p><p>Donc:<\/p><p>\u00a0<\/p><p>Les donn\u00e9es personnelles collect\u00e9es \u00e0 des fins li\u00e9es \u00e0 l&#8217;ex\u00e9cution d&#8217;un contrat entre le propri\u00e9taire et l&#8217;utilisateur seront conserv\u00e9es jusqu&#8217;\u00e0 la fin de l&#8217;ex\u00e9cution de ce contrat.<\/p><p>Les donn\u00e9es personnelles collect\u00e9es \u00e0 des fins li\u00e9es \u00e0 l&#8217;int\u00e9r\u00eat l\u00e9gitime du responsable du traitement seront conserv\u00e9es jusqu&#8217;\u00e0 ce que cet int\u00e9r\u00eat soit satisfait. L&#8217;utilisateur peut obtenir de plus amples informations sur l&#8217;int\u00e9r\u00eat l\u00e9gitime poursuivi par le responsable du traitement dans les sections pertinentes du pr\u00e9sent document ou en contactant le responsable du traitement.<\/p><p>Lorsque le traitement est bas\u00e9 sur le consentement de l&#8217;utilisateur, le responsable du traitement peut conserver les donn\u00e9es personnelles plus longtemps jusqu&#8217;\u00e0 ce que ce consentement soit r\u00e9voqu\u00e9. En outre, le responsable du traitement peut \u00eatre tenu de conserver les donn\u00e9es \u00e0 caract\u00e8re personnel pendant une p\u00e9riode plus longue conform\u00e9ment \u00e0 une obligation l\u00e9gale ou sur ordre d&#8217;une autorit\u00e9.<\/p><p>\u00c0 la fin de la p\u00e9riode de conservation, les donn\u00e9es personnelles seront supprim\u00e9es. Par cons\u00e9quent, \u00e0 l&#8217;expiration de ce d\u00e9lai, le droit d&#8217;acc\u00e8s, d&#8217;annulation, de rectification et le droit \u00e0 la portabilit\u00e9 des donn\u00e9es ne peuvent plus \u00eatre exerc\u00e9s.<\/p><p>\u00a0<\/p><p>Finalit\u00e9 du traitement des donn\u00e9es<\/p><p>Les donn\u00e9es relatives \u00e0 l&#8217;utilisateur sont collect\u00e9es afin de permettre au propri\u00e9taire de fournir ses services, ainsi que pour les objectifs suivants: contacter l&#8217;utilisateur et analyses.<\/p><p>Pour obtenir des informations plus d\u00e9taill\u00e9es sur les finalit\u00e9s du traitement et sur les donn\u00e9es personnelles concr\u00e8tement pertinentes pour chaque finalit\u00e9, l&#8217;utilisateur peut se r\u00e9f\u00e9rer aux sections pertinentes de ce document.<\/p><p>\u00a0<\/p><p>D\u00e9tails sur le traitement des donn\u00e9es personnelles<\/p><p>Les donn\u00e9es personnelles sont collect\u00e9es aux fins suivantes et en utilisant les services suivants:<\/p><p>\u00a0<\/p><p>Contacter l&#8217;utilisateur: en remplissant le formulaire de contact avec ses donn\u00e9es, l&#8217;utilisateur consent \u00e0 leur utilisation pour r\u00e9pondre aux demandes d&#8217;informations, de devis ou de toute autre nature indiqu\u00e9es par l&#8217;en-t\u00eate du formulaire. Donn\u00e9es personnelles collect\u00e9es: adresse e-mail et pr\u00e9nom.<\/p><p>Akismet: nous collectons des informations sur les visiteurs qui commentent le site et qui utilisent notre service anti-spam Akismet. Les informations collect\u00e9es d\u00e9pendent de la mani\u00e8re dont l&#8217;utilisateur a configur\u00e9 Akismet, mais elles incluent normalement l&#8217;adresse IP du commentateur, l&#8217;agent utilisateur, le r\u00e9f\u00e9rent et l&#8217;URL du site (ainsi que d&#8217;autres informations fournies directement par le commentateur, telles que le nom, le nom d&#8217;utilisateur, l&#8217;adresse e-mail et le texte du commentaire lui-m\u00eame).<\/p><p>Google Fonts: pour la repr\u00e9sentation uniforme des polices, cette page utilise les polices Google fournies par Google Lorsque vous ouvrez une page, votre navigateur charge les polices Web requises dans le cache de votre navigateur pour afficher correctement les textes et les polices. A cet effet, doit \u00e9tablir une connexion directe aux serveurs de Google. Google devient ainsi un a L&#8217;utilisation de Google fonts se fait dans l&#8217;int\u00e9r\u00eat d&#8217;une pr\u00e9sentation uniforme et attrayante de notre plugin. Ceci constitue une Garantie 6 (1) (f) DSGVO. Si le browser ne prend pas en charge les polices, une police standard est utilis\u00e9e sur l&#8217;ordinateur. Vous trouverez de plus amples informations sur les donn\u00e9es utilisateur sur https:\/\/developers.google.com\/fonts\/faq et dans la politique de confidentialit\u00e9 de Google https:\/\/www.google.com\/policies\/privacy\/<\/p><p>Droits de l&#8217;utilisateur<\/p><p>Les utilisateurs peuvent exercer certains droits en ce qui concerne les donn\u00e9es trait\u00e9es par le responsable du traitement.<\/p><p>En particulier, l&#8217;utilisateur a le droit de:<\/p><p>\u00a0<\/p><p>retirer son consentement \u00e0 tout moment. L&#8217;utilisateur peut r\u00e9voquer le consentement au traitement de ses donn\u00e9es personnelles pr\u00e9c\u00e9demment exprim\u00e9.<\/p><p>s&#8217;opposer au traitement de vos donn\u00e9es. L&#8217;utilisateur peut s&#8217;opposer au traitement de ses donn\u00e9es lorsqu&#8217;il a lieu sur une base l\u00e9gale autre que le consentement. De plus amples d\u00e9tails sur le droit d&#8217;opposition sont indiqu\u00e9s dans la section ci-dessous.<\/p><p>acc\u00e9dez \u00e0 vos donn\u00e9es. L&#8217;utilisateur a le droit d&#8217;obtenir des informations sur les donn\u00e9es trait\u00e9es par le responsable du traitement, sur certains aspects du traitement et de recevoir une copie des donn\u00e9es trait\u00e9es.<\/p><p>v\u00e9rifier et demander la rectification. L&#8217;utilisateur peut v\u00e9rifier l&#8217;exactitude de ses donn\u00e9es et demander leur mise \u00e0 jour ou leur correction.<\/p><p>obtenir la limitation du traitement. Lorsque certaines conditions sont remplies, l&#8217;utilisateur peut demander la limitation du traitement de ses donn\u00e9es. Dans ce cas, le responsable du traitement ne traitera pas les donn\u00e9es \u00e0 d&#8217;autres fins que leur stockage.<\/p><p>obtenir la suppression ou la suppression de vos donn\u00e9es personnelles. Lorsque certaines conditions sont remplies, l&#8217;utilisateur peut demander la suppression de ses donn\u00e9es par le propri\u00e9taire.<\/p><p>recevoir leurs donn\u00e9es ou les faire transf\u00e9rer \u00e0 un autre propri\u00e9taire. L&#8217;utilisateur a le droit de recevoir ses donn\u00e9es dans un format structur\u00e9, couramment utilis\u00e9 et lisible par un dispositif automatique et, lorsque cela est techniquement possible, d&#8217;obtenir le transfert sans obstacle \u00e0 un autre propri\u00e9taire. Cette disposition est applicable lorsque les donn\u00e9es sont trait\u00e9es avec des outils automatis\u00e9s et que le traitement est bas\u00e9 sur le consentement de l&#8217;utilisateur, sur un contrat dont l&#8217;utilisateur est partie ou sur des mesures contractuelles qui lui sont li\u00e9es.<\/p><p>d\u00e9poser une plainte. L&#8217;utilisateur peut d\u00e9poser une plainte aupr\u00e8s de l&#8217;autorit\u00e9 de contr\u00f4le comp\u00e9tente en mati\u00e8re de protection des donn\u00e9es personnelles ou agir en justice.<\/p><p>D\u00e9tails sur le droit d&#8217;opposition<\/p><p>Lorsque les donn\u00e9es \u00e0 caract\u00e8re personnel sont trait\u00e9es dans l&#8217;int\u00e9r\u00eat public, dans l&#8217;exercice des pouvoirs publics d\u00e9volus au responsable du traitement ou pour poursuivre un int\u00e9r\u00eat l\u00e9gitime du responsable du traitement, les utilisateurs ont le droit de s&#8217;opposer au traitement pour des raisons li\u00e9es \u00e0 leur situation particuli\u00e8re.<\/p><p>Les utilisateurs sont inform\u00e9s que, si leurs donn\u00e9es ont \u00e9t\u00e9 trait\u00e9es \u00e0 des fins de marketing direct, ils peuvent s&#8217;opposer au traitement sans fournir de motif. Pour savoir si le responsable du traitement traite les donn\u00e9es \u00e0 des fins de marketing direct, les utilisateurs peuvent se r\u00e9f\u00e9rer aux sections respectives de ce document.<\/p><p>\u00a0<\/p><p>Comment exercer les droits<\/p><p>Pour exercer les droits de l&#8217;utilisateur, les utilisateurs peuvent adresser une demande aux coordonn\u00e9es du propri\u00e9taire indiqu\u00e9es dans ce document. Les demandes sont d\u00e9pos\u00e9es gratuitement et trait\u00e9es par le propri\u00e9taire dans les meilleurs d\u00e9lais, en tout cas dans un d\u00e9lai d&#8217;un mois.<\/p><p>\u00a0<\/p><p>INFORMATIONS COMPL\u00c9MENTAIRES SUR LE TRAITEMENT<\/p><p>D\u00e9fense en cour<\/p><p>Les donn\u00e9es personnelles de l&#8217;utilisateur peuvent \u00eatre utilis\u00e9es par le propri\u00e9taire devant les tribunaux ou dans les \u00e9tapes pr\u00e9paratoires \u00e0 son \u00e9ventuelle mise en place pour la d\u00e9fense contre les abus dans l&#8217;utilisation de ce site Web<\/p><p>L&#8217;utilisateur d\u00e9clare \u00eatre conscient que le responsable du traitement peut \u00eatre oblig\u00e9 de divulguer les donn\u00e9es sur ordre des autorit\u00e9s publiques.<\/p><p>\u00a0<\/p><p>Informations sp\u00e9cifiques<\/p><p>\u00c0 la demande de l&#8217;utilisateur, en plus des informations contenues dans la pr\u00e9sente politique de confidentialit\u00e9, ce Site peut fournir \u00e0 l&#8217;utilisateur des informations suppl\u00e9mentaires et contextuelles concernant des services sp\u00e9cifiques, ou la collecte et le traitement des donn\u00e9es personnelles.<\/p><p>\u00a0<\/p><p>Journaux syst\u00e8me et maintenance<\/p><p>Pour les besoins li\u00e9s \u00e0 l&#8217;exploitation et \u00e0 la maintenance, ce site et tout service tiers utilis\u00e9 par celui-ci peuvent collecter des journaux syst\u00e8me, c&#8217;est-\u00e0-dire des fichiers qui enregistrent les interactions et qui peuvent \u00e9galement contenir des donn\u00e9es personnelles, telles que l&#8217;adresse IP de l&#8217;utilisateur.<\/p><p>\u00a0<\/p><p>Informations non contenues dans cette politique<\/p><p>De plus amples informations concernant le traitement des donn\u00e9es personnelles peuvent \u00eatre demand\u00e9es \u00e0 tout moment au responsable du traitement en utilisant les coordonn\u00e9es.<\/p><p>\u00a0<\/p><p>R\u00e9ponse aux demandes &#8221; Ne pas suivre\u201d<\/p><p>Ce site ne prend pas en charge les demandes &#8220;Ne pas suivre&#8221;.<\/p><p>Pour savoir si des services tiers utilis\u00e9s les soutiennent, l&#8217;utilisateur est invit\u00e9 \u00e0 consulter la politique de confidentialit\u00e9 respective<\/p><p>\u00a0<\/p><p>Modifications de cette Politique de confidentialit\u00e9<\/p><p>Le responsable du traitement se r\u00e9serve le droit d&#8217;apporter des modifications \u00e0 la pr\u00e9sente politique de confidentialit\u00e9 \u00e0 tout moment en informant les utilisateurs sur cette page et, si possible, sur ce site ainsi que, si cela est techniquement et l\u00e9galement possible, en envoyant une notification aux utilisateurs via l&#8217;une des coordonn\u00e9es d\u00e9tenues par le responsable du traitement . Par cons\u00e9quent, veuillez consulter cette page r\u00e9guli\u00e8rement, en vous r\u00e9f\u00e9rant \u00e0 la date de derni\u00e8re modification indiqu\u00e9e en bas.<\/p><p>Si les modifications affectent les traitements dont la base juridique est le consentement, le responsable du traitement recueillera \u00e0 nouveau le consentement de l&#8217;utilisateur, si n\u00e9cessaire.<\/p><p>\u00a0<\/p><p>R\u00e9f\u00e9rences l\u00e9gales<\/p><p>Cette d\u00e9claration de confidentialit\u00e9 est pr\u00e9par\u00e9e sur la base de plusieurs syst\u00e8mes l\u00e9gislatifs, y compris des articles. 13 et 14 du r\u00e8glement (UE) 2016\/679.<\/p><p>Sauf indication contraire, la pr\u00e9sente politique de confidentialit\u00e9 concerne exclusivement ce site web.<\/p>\t\t\t\t\t\t\t\t<\/div>\n\t\t\t\t<\/div>\n\t\t\t\t\t<\/div>\n\t\t<\/div>\n\t\t\t\t\t<\/div>\n\t\t<\/section>\n\t\t\t\t<\/div>\n\t\t","protected":false},"excerpt":{"rendered":"<p>Responsable du traitement Agrival 3T Contrada Casale Defensa Serracapriola (FG) &#8211; Pouilles-Italiey \u00a0 Adresse e-mail du propri\u00e9taire: info@vallillo.it \u00a0 Types de donn\u00e9es collect\u00e9es Figurent parmi les types de donn\u00e9es personnelles que ce site Web collecte directement ou en recourant \u00e0 des tiers: pr\u00e9nom, nom de famille, adresse e-mail, Cookies et donn\u00e9es d&#8217;utilisation. Des d\u00e9tails complets [&hellip;]<\/p>\n","protected":false},"author":1,"featured_media":0,"parent":0,"menu_order":0,"comment_status":"closed","ping_status":"open","template":"","meta":{"_acf_changed":false,"om_disable_all_campaigns":false,"_monsterinsights_skip_tracking":false,"_monsterinsights_sitenote_active":false,"_monsterinsights_sitenote_note":"","_monsterinsights_sitenote_category":0,"footnotes":""},"class_list":["post-1630","page","type-page","status-publish","hentry"],"acf":[],"aioseo_notices":[],"_links":{"self":[{"href":"https:\/\/www.vallillo.it\/fr\/wp-json\/wp\/v2\/pages\/1630","targetHints":{"allow":["GET"]}}],"collection":[{"href":"https:\/\/www.vallillo.it\/fr\/wp-json\/wp\/v2\/pages"}],"about":[{"href":"https:\/\/www.vallillo.it\/fr\/wp-json\/wp\/v2\/types\/page"}],"author":[{"embeddable":true,"href":"https:\/\/www.vallillo.it\/fr\/wp-json\/wp\/v2\/users\/1"}],"replies":[{"embeddable":true,"href":"https:\/\/www.vallillo.it\/fr\/wp-json\/wp\/v2\/comments?post=1630"}],"version-history":[{"count":1,"href":"https:\/\/www.vallillo.it\/fr\/wp-json\/wp\/v2\/pages\/1630\/revisions"}],"predecessor-version":[{"id":3879,"href":"https:\/\/www.vallillo.it\/fr\/wp-json\/wp\/v2\/pages\/1630\/revisions\/3879"}],"wp:attachment":[{"href":"https:\/\/www.vallillo.it\/fr\/wp-json\/wp\/v2\/media?parent=1630"}],"curies":[{"name":"wp","href":"https:\/\/api.w.org\/{rel}","templated":true}]}}