{"id":1620,"date":"2022-06-10T11:45:53","date_gmt":"2022-06-10T09:45:53","guid":{"rendered":"https:\/\/www.vallillo.it\/termes-et-conditions\/"},"modified":"2023-09-06T15:10:11","modified_gmt":"2023-09-06T13:10:11","slug":"termes-et-conditions","status":"publish","type":"page","link":"https:\/\/www.vallillo.it\/fr\/termes-et-conditions\/","title":{"rendered":"Termes et conditions"},"content":{"rendered":"\t\t<div data-elementor-type=\"wp-page\" data-elementor-id=\"1620\" class=\"elementor elementor-1620 elementor-596\" data-elementor-settings=\"{&quot;element_pack_global_tooltip_width&quot;:{&quot;unit&quot;:&quot;px&quot;,&quot;size&quot;:&quot;&quot;,&quot;sizes&quot;:[]},&quot;element_pack_global_tooltip_width_tablet&quot;:{&quot;unit&quot;:&quot;px&quot;,&quot;size&quot;:&quot;&quot;,&quot;sizes&quot;:[]},&quot;element_pack_global_tooltip_width_mobile&quot;:{&quot;unit&quot;:&quot;px&quot;,&quot;size&quot;:&quot;&quot;,&quot;sizes&quot;:[]},&quot;element_pack_global_tooltip_padding&quot;:{&quot;unit&quot;:&quot;px&quot;,&quot;top&quot;:&quot;&quot;,&quot;right&quot;:&quot;&quot;,&quot;bottom&quot;:&quot;&quot;,&quot;left&quot;:&quot;&quot;,&quot;isLinked&quot;:true},&quot;element_pack_global_tooltip_padding_tablet&quot;:{&quot;unit&quot;:&quot;px&quot;,&quot;top&quot;:&quot;&quot;,&quot;right&quot;:&quot;&quot;,&quot;bottom&quot;:&quot;&quot;,&quot;left&quot;:&quot;&quot;,&quot;isLinked&quot;:true},&quot;element_pack_global_tooltip_padding_mobile&quot;:{&quot;unit&quot;:&quot;px&quot;,&quot;top&quot;:&quot;&quot;,&quot;right&quot;:&quot;&quot;,&quot;bottom&quot;:&quot;&quot;,&quot;left&quot;:&quot;&quot;,&quot;isLinked&quot;:true},&quot;element_pack_global_tooltip_border_radius&quot;:{&quot;unit&quot;:&quot;px&quot;,&quot;top&quot;:&quot;&quot;,&quot;right&quot;:&quot;&quot;,&quot;bottom&quot;:&quot;&quot;,&quot;left&quot;:&quot;&quot;,&quot;isLinked&quot;:true},&quot;element_pack_global_tooltip_border_radius_tablet&quot;:{&quot;unit&quot;:&quot;px&quot;,&quot;top&quot;:&quot;&quot;,&quot;right&quot;:&quot;&quot;,&quot;bottom&quot;:&quot;&quot;,&quot;left&quot;:&quot;&quot;,&quot;isLinked&quot;:true},&quot;element_pack_global_tooltip_border_radius_mobile&quot;:{&quot;unit&quot;:&quot;px&quot;,&quot;top&quot;:&quot;&quot;,&quot;right&quot;:&quot;&quot;,&quot;bottom&quot;:&quot;&quot;,&quot;left&quot;:&quot;&quot;,&quot;isLinked&quot;:true}}\" data-elementor-post-type=\"page\">\n\t\t\t\t\t\t<section class=\"elementor-section elementor-top-section elementor-element elementor-element-67514ef elementor-section-boxed elementor-section-height-default elementor-section-height-default\" data-id=\"67514ef\" data-element_type=\"section\" data-e-type=\"section\" data-settings=\"{&quot;jet_parallax_layout_list&quot;:[{&quot;jet_parallax_layout_image&quot;:{&quot;url&quot;:&quot;&quot;,&quot;id&quot;:&quot;&quot;,&quot;size&quot;:&quot;&quot;},&quot;_id&quot;:&quot;8cb7980&quot;,&quot;jet_parallax_layout_image_tablet&quot;:{&quot;url&quot;:&quot;&quot;,&quot;id&quot;:&quot;&quot;,&quot;size&quot;:&quot;&quot;},&quot;jet_parallax_layout_image_mobile&quot;:{&quot;url&quot;:&quot;&quot;,&quot;id&quot;:&quot;&quot;,&quot;size&quot;:&quot;&quot;},&quot;jet_parallax_layout_speed&quot;:{&quot;unit&quot;:&quot;%&quot;,&quot;size&quot;:50,&quot;sizes&quot;:[]},&quot;jet_parallax_layout_type&quot;:&quot;scroll&quot;,&quot;jet_parallax_layout_direction&quot;:null,&quot;jet_parallax_layout_fx_direction&quot;:null,&quot;jet_parallax_layout_z_index&quot;:&quot;&quot;,&quot;jet_parallax_layout_bg_x&quot;:50,&quot;jet_parallax_layout_bg_y&quot;:50,&quot;jet_parallax_layout_bg_size&quot;:&quot;auto&quot;,&quot;jet_parallax_layout_animation_prop&quot;:&quot;transform&quot;,&quot;jet_parallax_layout_on&quot;:[&quot;desktop&quot;,&quot;tablet&quot;],&quot;jet_parallax_layout_bg_x_tablet&quot;:&quot;&quot;,&quot;jet_parallax_layout_bg_x_mobile&quot;:&quot;&quot;,&quot;jet_parallax_layout_bg_y_tablet&quot;:&quot;&quot;,&quot;jet_parallax_layout_bg_y_mobile&quot;:&quot;&quot;,&quot;jet_parallax_layout_bg_size_tablet&quot;:&quot;&quot;,&quot;jet_parallax_layout_bg_size_mobile&quot;:&quot;&quot;}]}\">\n\t\t\t\t\t\t<div class=\"elementor-container elementor-column-gap-default\">\n\t\t\t\t\t<div class=\"elementor-column elementor-col-100 elementor-top-column elementor-element elementor-element-184241e\" data-id=\"184241e\" data-element_type=\"column\" data-e-type=\"column\">\n\t\t\t<div class=\"elementor-widget-wrap elementor-element-populated\">\n\t\t\t\t\t\t<div class=\"elementor-element elementor-element-0614632 elementor-widget elementor-widget-text-editor\" data-id=\"0614632\" data-element_type=\"widget\" data-e-type=\"widget\" data-widget_type=\"text-editor.default\">\n\t\t\t\t<div class=\"elementor-widget-container\">\n\t\t\t\t\t\t\t\t\t<strong>Conditions g\u00e9n\u00e9rales de vente &#8221; AGRIVAL3T Srl\u201d<\/strong>\r\n\r\nLes pr\u00e9sentes conditions g\u00e9n\u00e9rales de vente r\u00e9gissent l&#8217;offre du service d&#8217;achat en ligne d&#8217;articles et de produits li\u00e9s au secteur alimentaire et li\u00e9s par &#8220;Agrival3tSrl&#8221; \u00e0 travers notre site. https:\/\/www.vallillo.it (ci-apr\u00e8s le &#8220;site&#8221;).\r\n\r\nToutes les relations contractuelles entre &#8220;Agrival3t Srl&#8221; et le client sont r\u00e9gies par les pr\u00e9sentes conditions g\u00e9n\u00e9rales de vente, qui font partie int\u00e9grante et substantielle de chaque proposition, commande et confirmation de bon de commande des produits en vente sur le site.\r\n\r\nPour tout ce qui n&#8217;est pas express\u00e9ment r\u00e9glement\u00e9 dans les pr\u00e9sentes conditions g\u00e9n\u00e9rales de vente, veuillez vous r\u00e9f\u00e9rer aux dispositions de D. Lgs. 6 Septembre 2005, n. 206 (le &#8221; Code de la consommation\u201d) et modifications ult\u00e9rieures et D. Lgs. 9 Avril 2003 n. 70 et les modifications ult\u00e9rieures et la discipline du Code civil italien.\r\n\r\n&nbsp;\r\n<ol>\r\n \t<li>Contacter<\/li>\r\n<\/ol>\r\n1.1 Agrival3t Srl-via Contrada Casale Defensa-71010 Serracapriola-Pouilles-Italie-t\u00e9l\u00e9phone: (+39) 0882 682565-Portable: (+39) 3883456472-Internet: www.vallillo.it -e-mail: info@vallillo.it\r\n\r\n1.2 toute demande d&#8217;information ou de clarification peut \u00eatre adress\u00e9e directement \u00e0 Agrival3t Srl-via Contrada Casale Defensa-71010 Serracapriola-Pouilles-Italie-t\u00e9l\u00e9phone: (+39) 0882 682565-Portable: (+39) 3883456472-Internet: www.vallillo.it -e-mail: info@vallillo.it\r\n\r\n&nbsp;\r\n<ol start=\"2\">\r\n \t<li>Politique commerciale<\/li>\r\n<\/ol>\r\n2.1 &#8220;Agrival3t Srl&#8221; \u00e0 travers le site, propose la vente de produits li\u00e9s au secteur alimentaire et connexes.\r\n\r\n2.2 la vente d&#8217;aliments et de produits connexes s&#8217;adresse exclusivement aux &#8220;consommateurs&#8221; \u00e2g\u00e9s de plus de 18 (dix-huit) ans.\r\n\r\n&#8220;Consommateur&#8221; d\u00e9signe toute personne physique qui op\u00e8re sur le site \u00e0 des fins non li\u00e9es \u00e0 son activit\u00e9 professionnelle, commerciale ou entrepreneuriale.\r\n\r\n2.3 les caract\u00e9ristiques essentielles des produits li\u00e9s au secteur alimentaire et des produits connexes sont pr\u00e9sent\u00e9es avec des descriptions appropri\u00e9es, visibles directement sur le site.\r\n\r\n&nbsp;\r\n<ol start=\"3\">\r\n \t<li>Contrat de vente et modalit\u00e9s de prestation du service<\/li>\r\n<\/ol>\r\n3.1 les pr\u00e9sentes conditions g\u00e9n\u00e9rales de vente r\u00e9gissent exclusivement la fourniture du service de nourriture et de produits connexes \u00e0 travers le site.\r\n\r\n3.2 les pr\u00e9sentes conditions g\u00e9n\u00e9rales de vente ne r\u00e9gissent pas la fourniture de services ou la vente de produits par des sujets autres que \u201cAgrival3t Srl\u201d, auxquels il est fait r\u00e9f\u00e9rence sur le site par le biais de liens hypertextes ou de banni\u00e8res. &#8220;Agrival3t Srl&#8221; n&#8217;est pas responsable de la fourniture de services et\/ou de produits, ainsi que de la conclusion de tout contrat entre vous et des tiers autres que \u201cAgrival3t Srl\u201d. Pour tout doute, veuillez \u00e9crire un e-mail \u00e0 info@vallillo.it\r\n\r\n3.3 vous pouvez acheter des produits li\u00e9s \u00e0 l&#8217;alimentation et aux secteurs connexes en op\u00e9rant directement sur le site. \u00c0 la fin de la s\u00e9lection des produits, vous verrez un \u00e9cran d&#8217;envoi de la commande avec une indication de toutes les donn\u00e9es saisies et dont vous \u00eates tenu de v\u00e9rifier l&#8217;exactitude. Une fois la s\u00e9lection des produits li\u00e9s \u00e0 l&#8217;Alimentation et au secteur connexe termin\u00e9e, pour effectuer l&#8217;achat, vous serez \u00e9galement invit\u00e9 \u00e0 (i) vous inscrire (gratuitement) sur le site, en fournissant les donn\u00e9es demand\u00e9es, ou (ii) \u00e0 vous connecter, si vous \u00eates d\u00e9j\u00e0 inscrit ou (iii) \u00e0 fournir vos donn\u00e9es afin de compl\u00e9ter la commande et permettre la r\u00e9alisation du contrat.\r\n\r\n3.4 pour proc\u00e9der \u00e0 l&#8217;achat d&#8217;un ou plusieurs produits li\u00e9s \u00e0 l&#8217;Alimentation et aux secteurs connexes, il est n\u00e9cessaire de remplir le bon de commande directement sur le site en suivant les instructions relatives (ci-apr\u00e8s \u201cBon de commande\u201d).\r\n\r\nLe Bon de commande contient un r\u00e9capitulatif des principales conditions commerciales, notamment le prix, les moyens de paiement et les modes de livraison, ainsi que des informations sur les principales caract\u00e9ristiques des produits command\u00e9s et une r\u00e9f\u00e9rence aux conditions g\u00e9n\u00e9rales de vente.\r\n\r\n3.5 avant de soumettre le bon de commande, vous devez lire attentivement les pr\u00e9sentes conditions g\u00e9n\u00e9rales de vente.\r\n\r\n3.6 Agrival3t se r\u00e9serve le droit, \u00e0 sa seule discr\u00e9tion, de ne pas accepter, m\u00eame partiellement, les commandes de produits. Ce refus n&#8217;entra\u00eene aucun droit, indemnit\u00e9 et\/ou indemnit\u00e9 de quelque nature que ce soit et \u00e0 quelque titre que ce soit \u00e0 l&#8217;encontre d&#8217;Agrival3t Srl.\r\n\r\n3.7 pour qu&#8217;Agrival3t Srl puisse assurer l&#8217;exp\u00e9dition des produits, il est n\u00e9cessaire que vous payiez le montant de l&#8217;achat des produits (ci-apr\u00e8s le \u201cprix\u201d) de la mani\u00e8re indiqu\u00e9e \u00e0 l&#8217;art. 6 ci-dessous (&#8220;paiements&#8221;).\r\n\r\n3.8 apr\u00e8s le paiement du prix, un num\u00e9ro de commande vous sera attribu\u00e9 qui devra \u00eatre utilis\u00e9 pour toute communication ult\u00e9rieure avec Agrival3t Srl en relation avec le bon de commande (ci-apr\u00e8s \u201cnum\u00e9ro de commande\u201d).\r\n\r\n&nbsp;\r\n<ol start=\"4\">\r\n \t<li>Prix<\/li>\r\n<\/ol>\r\n4.1 tous les prix de vente des produits sur le site \u00e0 c\u00f4t\u00e9 de chaque impression individuelle sont exprim\u00e9s en euros et incluent la TVA (le cas \u00e9ch\u00e9ant) et les \u00e9ventuelles taxes indirectes (le cas \u00e9ch\u00e9ant), alors qu&#8217;ils n&#8217;incluent pas les frais d&#8217;exp\u00e9dition, qui sont compt\u00e9s avant la Confirmation de commande qui vous est envoy\u00e9e et que vous acceptez vous-m\u00eame de payer \u00e0 Agrival3t Srl, en plus du prix indiqu\u00e9 sur le site.\r\n\r\n4.2 les prix des produits individuels, publi\u00e9s de temps \u00e0 autre, annulent et remplacent les prix ant\u00e9rieurs. En tout \u00e9tat de cause, les prix appliqu\u00e9s sont ceux indiqu\u00e9s sur le site au moment du bon de commande et r\u00e9it\u00e9r\u00e9s au sein de ce dernier.\r\n\r\n&nbsp;\r\n<ol start=\"5\">\r\n \t<li>Paiement<\/li>\r\n<\/ol>\r\n5.1 les paiements peuvent \u00eatre effectu\u00e9s par Paal\r\n\r\n5.2 en cas de paiement par PayPal, il sera \u00e9galement possible d&#8217;effectuer le paiement par carte de cr\u00e9dit en utilisant uniquement le circuit crypt\u00e9 crittograf PayPal.\r\n\r\n5.3 \u00e0 aucun moment au cours de la proc\u00e9dure d&#8217;achat, Agrival3t Srl n&#8217;est en mesure de conna\u00eetre les informations relatives \u00e0 la carte de cr\u00e9dit et aux cartes pr\u00e9pay\u00e9es, transmises par vous via une connexion s\u00e9curis\u00e9e directement sur le site Web de la banque qui g\u00e8re la transaction, sans que des tiers y aient acc\u00e8s. Aucun fichier informatique relatif aux instruments de paiement du prix n&#8217;est en aucun cas accessible \u00e0 Agrival3t Srl, par cons\u00e9quent en aucun cas Agrival3t Srl ne peut \u00eatre tenu responsable de toute utilisation frauduleuse et ill\u00e9gale de cartes de cr\u00e9dit par des tiers au moment du paiement des produits achet\u00e9s.\r\n\r\n5.4 apr\u00e8s le paiement du prix, et dans tous les cas dans les 5 jours ouvrables \u00e0 compter de la date \u00e0 laquelle Agrival3t Srl a eu connaissance du cr\u00e9dit du prix sur son compte courant (en cas de paiement par PayPal ou par carte de cr\u00e9dit sur le circuit PAyPal), Agrival3t Srl vous informera de la r\u00e9ception du prix par une communication par e-mail, avec laquelle elle sera \u00e9galement inform\u00e9e des d\u00e9lais de livraison du produit, qui ne peuvent en aucun cas \u00eatre sup\u00e9rieurs \u00e0 15 (quinze) jours ouvrables \u00e0 compter de la commande d&#8217;achat.\r\n\r\n5.5 dans le cas o\u00f9, avant d&#8217;envoyer la Confirmation de commande par Agrival3t Srl, vous demandez par \u00e9crit (par e-mail \u00e0 l&#8217;adresse e-mail info@vallillo.it apr\u00e8s l&#8217;annulation du bon de commande, Agrival3t Srl demandera Pap Une fois la demande d&#8217;annulation de la transaction effectu\u00e9e, Agrival3t ne pourra en aucun cas \u00eatre tenu responsable des frais, co\u00fbts, dommages, directs ou indirects, caus\u00e9s par le retard de la transaction.\r\n\r\n&nbsp;\r\n<ol start=\"6\">\r\n \t<li>Transport et livraison<\/li>\r\n<\/ol>\r\n6.1 Agrival3t Srl livrera, \u00e0 l&#8217;adresse indiqu\u00e9e au moment du bon de commande, les produits command\u00e9s, de la mani\u00e8re indiqu\u00e9e ci-dessous.\r\n\r\n6.2 pour l&#8217;ex\u00e9cution de la livraison des produits, vous devez fournir toutes les informations n\u00e9cessaires, y compris l&#8217;adresse de livraison et le num\u00e9ro de t\u00e9l\u00e9phone de la personne \u00e0 qui le produit doit \u00eatre livr\u00e9, s&#8217;il est diff\u00e9rent de la personne qui passe la commande. La livraison aura lieu au destinataire indiqu\u00e9 sur la lettre de transport.\r\n\r\n6.3 Les produits command\u00e9s seront livr\u00e9s dans un emballage adapt\u00e9 pour assurer leur int\u00e9grit\u00e9 pendant le transport. L&#8217;exp\u00e9dition s&#8217;effectue par coursier (ci-apr\u00e8s le &#8220;transporteur&#8221;) avec livraison \u00e0 l&#8217;adresse indiqu\u00e9e directement dans la commande.\r\n\r\n6.4 lors de la r\u00e9ception des produits, vous \u00eates tenu de v\u00e9rifier:\r\n\r\n(i) que la quantit\u00e9 des produits command\u00e9s corresponde \u00e0 ce qui est indiqu\u00e9 dans le document de transport;\r\n\r\n(ii) que l&#8217;emballage est intact, non endommag\u00e9 ou, en tout \u00e9tat de cause, alt\u00e9r\u00e9 m\u00eame dans les mat\u00e9riaux de fermeture.\r\n\r\nUne fois sign\u00e9 le document de transport du transporteur, il ne sera pas possible d&#8217;opposer \u00e0 Agrival3t tout litige portant sur les caract\u00e9ristiques de ce qui a \u00e9t\u00e9 livr\u00e9.\r\n\r\n6.5 si le transporteur ne peut assurer la livraison des produits en raison de l&#8217;absence physique du destinataire ou de son d\u00e9l\u00e9gu\u00e9 en charge \u00e0 l&#8217;adresse indiqu\u00e9e, ou en raison de l&#8217;indication incorrecte de l&#8217;adresse, le transporteur contactera le destinataire par t\u00e9l\u00e9phone dans les jours suivants (si possible), afin de proc\u00e9der \u00e0 la deuxi\u00e8me tentative de livraison et de compl\u00e9ter la livraison du produit.\r\n\r\nApr\u00e8s 5 (cinq) jours sans que le destinataire ne soit disponible pour r\u00e9cup\u00e9rer les produits, ceux-ci seront retourn\u00e9s \u00e0 Agrival3t Srl et tous les frais, directs et indirects, seront enti\u00e8rement \u00e0 la charge du payeur et Agrival3t Srl retiendra le paiement des produits \u00e0 titre de p\u00e9nalit\u00e9, sans pr\u00e9judice du droit \u00e0 tout dommage plus important subi.\r\n\r\n6.6 si le colis livr\u00e9 par le transporteur est visiblement endommag\u00e9 et cass\u00e9, veuillez rejeter l&#8217;envoi \u00e0 l&#8217;exp\u00e9diteur. Dans ce cas, Agrival3t Srl s&#8217;occupera de la r\u00e9cup\u00e9ration de l&#8217;envoi et fournira un nouvel envoi.\r\n\r\nSi l&#8217;envoi \u00e9tait compos\u00e9 de plusieurs colis et que tous n&#8217;\u00e9taient pas endommag\u00e9s, veuillez rejeter uniquement le colis endommag\u00e9 \u00e0 l&#8217;exp\u00e9diteur en signant la note du courrier \u201cavec r\u00e9serve\u201d. Agrival3t Srl r\u00e9cup\u00e9rera le colis endommag\u00e9 et le remplacera.\r\n\r\n&nbsp;\r\n<ol start=\"7\">\r\n \t<li>Droit de r\u00e9tractation pour les &#8221; consommateurs\u201d<\/li>\r\n<\/ol>\r\n7.1 le client &#8220;consommateur&#8221; (tel que d\u00e9fini \u00e0 l&#8217;art. 2.2) a le droit de se r\u00e9tracter sans p\u00e9nalit\u00e9 et sans qu&#8217;il soit n\u00e9cessaire d&#8217;en pr\u00e9ciser la raison, dans un d\u00e9lai de 14 jours ouvrables \u00e0 compter de la date de r\u00e9ception des produits.\r\n\r\n7.2 les proc\u00e9dures d&#8217;exercice du droit de r\u00e9tractation par le client consistent en l&#8217;envoi (par e-mail) par celui-ci d&#8217;une demande de r\u00e9tractation, \u00e0 l&#8217;adresse e-mail suivante reclami@vallillo.it objet: demande de retrait.\r\n\r\n7.3 Agrival3t Srl en cas d&#8217;exercice du droit de r\u00e9tractation conform\u00e9ment aux dispositions, est tenue de rembourser le prix dans les 30 jours \u00e0 compter de la date \u00e0 laquelle elle a pris connaissance de l&#8217;exercice du droit de r\u00e9tractation.\r\n\r\n7.4 l&#8217;exercice du droit de r\u00e9tractation par le client est en tout \u00e9tat de cause soumis aux conditions suivantes:\r\n\r\n&nbsp;\r\n\r\n(a) le droit de r\u00e9tractation s&#8217;applique au produit achet\u00e9 dans son int\u00e9gralit\u00e9 et il ne sera pas possible de retourner uniquement certaines parties des produits, telles que ses accessoires;\r\n\r\n(b) le droit de r\u00e9tractation ne s&#8217;applique pas aux produits scell\u00e9s une fois qu&#8217;ils ont \u00e9t\u00e9 ouverts;\r\n\r\n(c) le produit achet\u00e9 doit \u00eatre intact et retourn\u00e9 dans son emballage d&#8217;origine, complet dans toutes ses parties;\r\n\r\n(d) le produit doit \u00eatre retourn\u00e9 dans un \u00e9tat de conservation normal, car il a \u00e9t\u00e9 gard\u00e9 et \u00e9ventuellement utilis\u00e9 avec une diligence normale; en cons\u00e9quence, les produits utilis\u00e9s qui fonctionnent mal ou qui pr\u00e9sentent des signes de dommages ou de salet\u00e9 ne seront pas accept\u00e9s et qui, par cons\u00e9quent, ne peuvent plus \u00eatre consid\u00e9r\u00e9s comme intacts;\r\n\r\n(e) les frais d&#8217;exp\u00e9dition li\u00e9s au retour du produit seront \u00e0 la charge du client;\r\n\r\n(f) l&#8217;exp\u00e9dition, jusqu&#8217;au certificat de r\u00e9ception dans notre entrep\u00f4t, est sous l&#8217;enti\u00e8re responsabilit\u00e9 du client.\r\n\r\n7.5 le droit de r\u00e9tractation expirera totalement en cas d&#8217;absence de la condition essentielle d&#8217;int\u00e9grit\u00e9 du produit (son emballage et \/ ou son contenu) dans le cas o\u00f9 Agrival3t Srl constaterait, alternativement:\r\n\r\n&nbsp;\r\n\r\n(a) l&#8217;absence de l&#8217;emballage ext\u00e9rieur et \/ ou de l&#8217;emballage int\u00e9rieur d&#8217;origine;\r\n<ol>\r\n \t<li>b) l&#8217;absence d&#8217;\u00e9l\u00e9ments constitutifs du produit;<\/li>\r\n<\/ol>\r\n(c) dommages au produit;\r\n\r\n(d)absence de facture.\r\n\r\nEn cas de d\u00e9ch\u00e9ance du droit de r\u00e9tractation, Agrival3t Srl retournera le produit achet\u00e9 au client, en facturant les m\u00eames frais d&#8217;exp\u00e9dition.\r\n\r\n&nbsp;\r\n<ol start=\"8\">\r\n \t<li>Produits non conformes<\/li>\r\n<\/ol>\r\n8.1 dans le cas o\u00f9 les produits ne sont pas intacts, pr\u00e9sentent des dommages (par exemple des signes d&#8217;usure, d&#8217;abrasion, d&#8217;entailles, de rayures ou de d\u00e9formations) ou dans tous les cas des caract\u00e9ristiques non conformes, vous devez signaler la circonstance \u00e0 Agrival3t Srl (voir clause no. 1.2 pour les coordonn\u00e9es), en indiquant le num\u00e9ro de commande relatif, tout d\u00e9faut qui doit \u00eatre constat\u00e9 sur celui-ci, au plus tard 24 (vingt-quatre) heures \u00e0 compter de la r\u00e9ception du produit.\r\n\r\n&nbsp;\r\n<ol start=\"9\">\r\n \t<li>Propri\u00e9t\u00e9 intellectuelle<\/li>\r\n<\/ol>\r\n9.1 la conception, la configuration, les logos, les graphiques, les images et les sons ainsi que tous les \u00e9l\u00e9ments du site sont, conform\u00e9ment \u00e0 la loi et aux accords commerciaux, la propri\u00e9t\u00e9 d&#8217;Agrival3t Srl et il est interdit de les copier ou de les imiter, m\u00eame partiellement.\r\n\r\n&nbsp;\r\n\r\n9.2 toute utilisation non autoris\u00e9e ou contraire \u00e0 la loi sera poursuivie par Agrival3t Srl dans le cadre de proc\u00e9dures civiles et p\u00e9nales.\r\n\r\n&nbsp;\r\n<ol start=\"10\">\r\n \t<li>Garantie l\u00e9gale de conformit\u00e9 des produits<\/li>\r\n<\/ol>\r\n10.1 conform\u00e9ment et aux fins de la directive europ\u00e9enne 44\/99 \/ CE et du Code de la consommation, Agrival3t Srl garantit, si \u201cconsommateur&#8221;, que les produits seront exempts de d\u00e9fauts de conception, ainsi que conformes aux descriptions publi\u00e9es sur le site, pour une p\u00e9riode de 2 (deux) ans \u00e0 compter de la date de livraison des produits. L&#8217;application de toute garantie est exclue en cas d&#8217;utilisation du produit non conforme \u00e0 celle du produit et aux instructions\/avertissements fournis par Agrival3t Srl, ou rapport\u00e9s dans la documentation illustrative de r\u00e9f\u00e9rence, ou dans le cas o\u00f9 des r\u00e9parations ont \u00e9t\u00e9 effectu\u00e9es par des tiers non autoris\u00e9s par Agrival3t Srl.\r\n\r\n&nbsp;\r\n<ol start=\"11\">\r\n \t<li>Force majeure<\/li>\r\n<\/ol>\r\n11.1 Agrival3t Srl est exon\u00e9r\u00e9e de toute responsabilit\u00e9 pour le non-respect total ou partiel de toute obligation signal\u00e9e dans les pr\u00e9sentes conditions g\u00e9n\u00e9rales de vente, si ce non-respect est caus\u00e9 par des \u00e9v\u00e9nements impr\u00e9visibles et\/ou des \u00e9v\u00e9nements naturels ind\u00e9pendants de la volont\u00e9 et de la responsabilit\u00e9 d&#8217;Agrival3t Srl, y compris, \u00e0 titre d&#8217;exemple mais non limit\u00e9 \u00e0, des \u00e9v\u00e9nements naturels (catastrophes), des actes de terrorisme, des guerres, des \u00e9meutes populaires, un dysfonctionnement de la connectivit\u00e9, un manque d&#8217;\u00e9lectricit\u00e9, une gr\u00e8ve g\u00e9n\u00e9rale des travailleurs publics et\/ou priv\u00e9s, une gr\u00e8ve et\/ou des restrictions \u00e0 la viabilit\u00e9 des courriers et des liaisons a\u00e9riennes.\r\n\r\n&nbsp;\r\n<ol start=\"12\">\r\n \t<li>Confidentialit\u00e9<\/li>\r\n<\/ol>\r\n12.1 Toutes les informations relatives au traitement de vos donn\u00e9es personnelles peuvent \u00eatre obtenues en consultant les informations sur le traitement des donn\u00e9es personnelles sur le site.\r\n\r\n&nbsp;\r\n<ol start=\"13\">\r\n \t<li>Droit applicable et r\u00e8glement des litiges<\/li>\r\n<\/ol>\r\n13.1 les pr\u00e9sentes conditions g\u00e9n\u00e9rales de vente sont destin\u00e9es \u00e0 \u00eatre conclues en Italie et r\u00e9gies par la loi italienne.\r\n\r\n&nbsp;\r\n<ol start=\"14\">\r\n \t<li>Mises \u00e0 jour et modifications<\/li>\r\n<\/ol>\r\n14.1 les pr\u00e9sentes conditions g\u00e9n\u00e9rales de vente peuvent \u00eatre modifi\u00e9es p\u00e9riodiquement par Agrival3t Srl en fonction du d\u00e9veloppement de sa politique commerciale, ainsi que conform\u00e9ment aux \u00e9ventuelles mises \u00e0 jour et modifications l\u00e9gislatives. Chaque contrat conclu est consid\u00e9r\u00e9 comme parfait sur la base des conditions g\u00e9n\u00e9rales de vente en vigueur au moment de la commande et publi\u00e9es sur le site. Toutes les mises \u00e0 jour et modifications seront r\u00e9guli\u00e8rement publi\u00e9es sur le site et entreront en vigueur imm\u00e9diatement \u00e0 compter de la date de publication sur celui-ci.\r\n\r\n&nbsp;\r\n\r\nDerni\u00e8re mise \u00e0 jour: 18\/11\/2018\t\t\t\t\t\t\t\t<\/div>\n\t\t\t\t<\/div>\n\t\t\t\t\t<\/div>\n\t\t<\/div>\n\t\t\t\t\t<\/div>\n\t\t<\/section>\n\t\t\t\t<\/div>\n\t\t","protected":false},"excerpt":{"rendered":"<p>Conditions g\u00e9n\u00e9rales de vente &#8221; AGRIVAL3T Srl\u201d Les pr\u00e9sentes conditions g\u00e9n\u00e9rales de vente r\u00e9gissent l&#8217;offre du service d&#8217;achat en ligne d&#8217;articles et de produits li\u00e9s au secteur alimentaire et li\u00e9s par &#8220;Agrival3tSrl&#8221; \u00e0 travers notre site. https:\/\/www.vallillo.it (ci-apr\u00e8s le &#8220;site&#8221;). Toutes les relations contractuelles entre &#8220;Agrival3t Srl&#8221; et le client sont r\u00e9gies par les pr\u00e9sentes [&hellip;]<\/p>\n","protected":false},"author":1,"featured_media":0,"parent":0,"menu_order":0,"comment_status":"closed","ping_status":"closed","template":"","meta":{"_acf_changed":false,"om_disable_all_campaigns":false,"_monsterinsights_skip_tracking":false,"_monsterinsights_sitenote_active":false,"_monsterinsights_sitenote_note":"","_monsterinsights_sitenote_category":0,"footnotes":""},"class_list":["post-1620","page","type-page","status-publish","hentry"],"acf":[],"aioseo_notices":[],"_links":{"self":[{"href":"https:\/\/www.vallillo.it\/fr\/wp-json\/wp\/v2\/pages\/1620","targetHints":{"allow":["GET"]}}],"collection":[{"href":"https:\/\/www.vallillo.it\/fr\/wp-json\/wp\/v2\/pages"}],"about":[{"href":"https:\/\/www.vallillo.it\/fr\/wp-json\/wp\/v2\/types\/page"}],"author":[{"embeddable":true,"href":"https:\/\/www.vallillo.it\/fr\/wp-json\/wp\/v2\/users\/1"}],"replies":[{"embeddable":true,"href":"https:\/\/www.vallillo.it\/fr\/wp-json\/wp\/v2\/comments?post=1620"}],"version-history":[{"count":1,"href":"https:\/\/www.vallillo.it\/fr\/wp-json\/wp\/v2\/pages\/1620\/revisions"}],"predecessor-version":[{"id":3880,"href":"https:\/\/www.vallillo.it\/fr\/wp-json\/wp\/v2\/pages\/1620\/revisions\/3880"}],"wp:attachment":[{"href":"https:\/\/www.vallillo.it\/fr\/wp-json\/wp\/v2\/media?parent=1620"}],"curies":[{"name":"wp","href":"https:\/\/api.w.org\/{rel}","templated":true}]}}