{"id":1059,"date":"2020-07-10T10:04:26","date_gmt":"2020-07-10T08:04:26","guid":{"rendered":"https:\/\/www.vallillo.it\/termini-e-condizioni\/"},"modified":"2023-09-08T10:15:36","modified_gmt":"2023-09-08T08:15:36","slug":"general-terms-and-conditions-of-sale","status":"publish","type":"page","link":"https:\/\/www.vallillo.it\/en\/general-terms-and-conditions-of-sale\/","title":{"rendered":"General Terms and Conditions of Sale"},"content":{"rendered":"\t\t<div data-elementor-type=\"wp-page\" data-elementor-id=\"1059\" class=\"elementor elementor-1059 elementor-596\" data-elementor-settings=\"{&quot;element_pack_global_tooltip_width&quot;:{&quot;unit&quot;:&quot;px&quot;,&quot;size&quot;:&quot;&quot;,&quot;sizes&quot;:[]},&quot;element_pack_global_tooltip_width_tablet&quot;:{&quot;unit&quot;:&quot;px&quot;,&quot;size&quot;:&quot;&quot;,&quot;sizes&quot;:[]},&quot;element_pack_global_tooltip_width_mobile&quot;:{&quot;unit&quot;:&quot;px&quot;,&quot;size&quot;:&quot;&quot;,&quot;sizes&quot;:[]},&quot;element_pack_global_tooltip_padding&quot;:{&quot;unit&quot;:&quot;px&quot;,&quot;top&quot;:&quot;&quot;,&quot;right&quot;:&quot;&quot;,&quot;bottom&quot;:&quot;&quot;,&quot;left&quot;:&quot;&quot;,&quot;isLinked&quot;:true},&quot;element_pack_global_tooltip_padding_tablet&quot;:{&quot;unit&quot;:&quot;px&quot;,&quot;top&quot;:&quot;&quot;,&quot;right&quot;:&quot;&quot;,&quot;bottom&quot;:&quot;&quot;,&quot;left&quot;:&quot;&quot;,&quot;isLinked&quot;:true},&quot;element_pack_global_tooltip_padding_mobile&quot;:{&quot;unit&quot;:&quot;px&quot;,&quot;top&quot;:&quot;&quot;,&quot;right&quot;:&quot;&quot;,&quot;bottom&quot;:&quot;&quot;,&quot;left&quot;:&quot;&quot;,&quot;isLinked&quot;:true},&quot;element_pack_global_tooltip_border_radius&quot;:{&quot;unit&quot;:&quot;px&quot;,&quot;top&quot;:&quot;&quot;,&quot;right&quot;:&quot;&quot;,&quot;bottom&quot;:&quot;&quot;,&quot;left&quot;:&quot;&quot;,&quot;isLinked&quot;:true},&quot;element_pack_global_tooltip_border_radius_tablet&quot;:{&quot;unit&quot;:&quot;px&quot;,&quot;top&quot;:&quot;&quot;,&quot;right&quot;:&quot;&quot;,&quot;bottom&quot;:&quot;&quot;,&quot;left&quot;:&quot;&quot;,&quot;isLinked&quot;:true},&quot;element_pack_global_tooltip_border_radius_mobile&quot;:{&quot;unit&quot;:&quot;px&quot;,&quot;top&quot;:&quot;&quot;,&quot;right&quot;:&quot;&quot;,&quot;bottom&quot;:&quot;&quot;,&quot;left&quot;:&quot;&quot;,&quot;isLinked&quot;:true}}\" data-elementor-post-type=\"page\">\n\t\t\t\t\t\t<section class=\"elementor-section elementor-top-section elementor-element elementor-element-67514ef elementor-section-boxed elementor-section-height-default elementor-section-height-default\" data-id=\"67514ef\" data-element_type=\"section\" data-e-type=\"section\" data-settings=\"{&quot;jet_parallax_layout_list&quot;:[{&quot;jet_parallax_layout_image&quot;:{&quot;url&quot;:&quot;&quot;,&quot;id&quot;:&quot;&quot;,&quot;size&quot;:&quot;&quot;},&quot;_id&quot;:&quot;8cb7980&quot;,&quot;jet_parallax_layout_image_tablet&quot;:{&quot;url&quot;:&quot;&quot;,&quot;id&quot;:&quot;&quot;,&quot;size&quot;:&quot;&quot;},&quot;jet_parallax_layout_image_mobile&quot;:{&quot;url&quot;:&quot;&quot;,&quot;id&quot;:&quot;&quot;,&quot;size&quot;:&quot;&quot;},&quot;jet_parallax_layout_speed&quot;:{&quot;unit&quot;:&quot;%&quot;,&quot;size&quot;:50,&quot;sizes&quot;:[]},&quot;jet_parallax_layout_type&quot;:&quot;scroll&quot;,&quot;jet_parallax_layout_direction&quot;:null,&quot;jet_parallax_layout_fx_direction&quot;:null,&quot;jet_parallax_layout_z_index&quot;:&quot;&quot;,&quot;jet_parallax_layout_bg_x&quot;:50,&quot;jet_parallax_layout_bg_y&quot;:50,&quot;jet_parallax_layout_bg_size&quot;:&quot;auto&quot;,&quot;jet_parallax_layout_animation_prop&quot;:&quot;transform&quot;,&quot;jet_parallax_layout_on&quot;:[&quot;desktop&quot;,&quot;tablet&quot;],&quot;jet_parallax_layout_bg_x_tablet&quot;:&quot;&quot;,&quot;jet_parallax_layout_bg_x_mobile&quot;:&quot;&quot;,&quot;jet_parallax_layout_bg_y_tablet&quot;:&quot;&quot;,&quot;jet_parallax_layout_bg_y_mobile&quot;:&quot;&quot;,&quot;jet_parallax_layout_bg_size_tablet&quot;:&quot;&quot;,&quot;jet_parallax_layout_bg_size_mobile&quot;:&quot;&quot;}]}\">\n\t\t\t\t\t\t<div class=\"elementor-container elementor-column-gap-default\">\n\t\t\t\t\t<div class=\"elementor-column elementor-col-100 elementor-top-column elementor-element elementor-element-184241e\" data-id=\"184241e\" data-element_type=\"column\" data-e-type=\"column\">\n\t\t\t<div class=\"elementor-widget-wrap elementor-element-populated\">\n\t\t\t\t\t\t<div class=\"elementor-element elementor-element-0614632 elementor-widget elementor-widget-text-editor\" data-id=\"0614632\" data-element_type=\"widget\" data-e-type=\"widget\" data-widget_type=\"text-editor.default\">\n\t\t\t\t<div class=\"elementor-widget-container\">\n\t\t\t\t\t\t\t\t\t<p><strong>Termini e Condizioni Generali di Vendita &#8220;AGRIVAL3T Srl&#8221;<\/strong><\/p>\n<p>Le presenti Condizioni Generali di Vendita disciplinano l\u2019offerta del servizio di acquisto online di articoli e prodotti inerenti il settore Alimentare e affini da parte di <em>&#8220;Agrival3tSrl&#8221;\u00a0<\/em>attraverso il nostro sito web <em>http:\/\/www.vallillo.it<\/em> (di seguito il <em>&#8220;Sito&#8221;<\/em>).<br \/>Tutti i rapporti contrattuali tra <em>&#8220;Agrival3t Srl&#8221;<\/em> ed il cliente sono regolati dalle presenti Condizioni Generali di Vendita, le quali formano parte integrante e sostanziale di ogni proposta, ordine e conferma di ordine d\u2019acquisto dei prodotti in vendita sul sito.<br \/>Per quanto non espressamente disciplinato nelle presenti Condizioni Generali di Vendita si rinvia alle disposizioni di cui al D. Lgs. 6 settembre 2005, n. 206 (il <em>&#8220;Codice del Consumo&#8221;<\/em>) e successive modificazioni e al D. Lgs. 9 aprile 2003 n. 70 e successive modificazioni e alla disciplina del Codice Civile italiano.<\/p>\n<p><strong>1. Contatti<\/strong><br \/><strong>1.1<\/strong> Agrival3t Srl &#8211; Via Contrada Casale Defensa &#8211; 71010 Serracapriola &#8211; Puglia &#8211; Italia &#8211; Telefono: (+39) 0882 682565 &#8211; Cellulare: (+39) 3883456472 &#8211; Internet: www.vallillo.it &#8211; E-Mail: info@vallillo.it<br \/><strong>1.2<\/strong> Qualunque richiesta di informazione o di chiarimenti pu\u00f2 essere avanzata direttamente a Agrival3t Srl &#8211; Via Contrada Casale Defensa &#8211; 71010 Serracapriola -Puglia &#8211; Italia &#8211; Telefono: (+39) 0882 682565 &#8211; Cellulare: (+39) 3883456472 &#8211; Internet: www.vallillo.it &#8211; E-Mail: info@vallillo.it<\/p>\n<p><strong>2. Politica commerciale<\/strong><br \/><strong>2.1<\/strong> <em>&#8220;Agrival3t Srl&#8221;\u00a0<\/em>attraverso il Sito, propone la vendita di prodotti inerenti il settore Alimentare e affini.<br \/><strong>2.2<\/strong> La vendita di prodotti inerenti il settore Alimentare e affini si rivolge esclusivamente ai <em>&#8220;consumatori&#8221;<\/em> con et\u00e0 maggiore di anni 18 (diciotto).<br \/>Per <em>&#8220;Consumatore&#8221;<\/em> si intende qualunque persona fisica che operi sul Sito con finalit\u00e0 non riferibili alla propria attivit\u00e0 professionale, commerciale o imprenditoriale.<br \/><strong>2.3 <\/strong>Le caratteristiche essenziali di prodotti inerenti il settore Alimentare e affini sono presentate con apposite descrizioni, visibili direttamente sul Sito.<\/p>\n<p><strong>3. Contratto di vendita e modalit\u00e0 di fornitura del servizio<\/strong><br \/><strong>3.1<\/strong> Le presenti Condizioni Generali di Vendita regolano esclusivamente l\u2019erogazione del servizio di prodotti Alimentare e affini attraverso il Sito.<br \/><strong>3.2<\/strong> Le presenti Condizioni Generali di Vendita non regolano invece la fornitura di servizi o la vendita di prodotti da parte di soggetti diversi da <em>&#8220;Agrival3t Srl&#8221;<\/em>, a cui si faccia riferimento sul Sito tramite collegamenti ipertestuali o banner. <em>&#8220;Agrival3t Srl&#8221;<\/em> non \u00e8 responsabile della fornitura di servizi e\/o prodotti, nonch\u00e9 della conclusione di qualsivoglia contratto tra Lei e soggetti terzi diversi da <em>&#8220;Agrival3t Srl&#8221;<\/em>. Per qualunque dubbio, si invita a voler scrivere una e-mail all\u2019indirizzo info@vallillo.it<br \/><strong>3.3<\/strong> Lei potr\u00e0 procedere all\u2019acquisto di prodotti inerenti il settore Alimentare e affini operando direttamente nel Sito. Al termine della selezione dei prodotti, Le verr\u00e0 mostrata una schermata per l\u2019invio dell\u2019ordine con l\u2019indicazione di tutti i dati inseriti e di cui Lei \u00e8 tenuto a verificare la correttezza. Terminata la selezione prodotti inerenti il settore Alimentare e affini, per eseguirne l\u2019acquisto, Lei sar\u00e0 anche invitato a (i) registrarsi (gratuitamente) sul Sito, fornendo i dati richiesti, ovvero (ii) ad eseguire il login, qualora sia gi\u00e0 registrato ovvero (iii) a fornire i Suoi dati al fine di completare l\u2019ordine e consentire il perfezionamento del contratto.<br \/><strong>3.4<\/strong> Per procedere all\u2019acquisto di uno o pi\u00f9 prodotti inerenti il settore Alimentare e affini, \u00e8 necessario compilare l\u2019ordine d\u2019acquisto direttamente sul Sito seguendo le relative istruzioni (di seguito <em>&#8220;Ordine di Acquisto&#8221;<\/em>).<br \/>Nell\u2019Ordine di Acquisto \u00e8 contenuto un riepilogo delle principali condizioni commerciali, tra cui il prezzo, i mezzi di pagamento e le modalit\u00e0 di consegna, oltre ad informazioni sulle caratteristiche principali dei prodotti ordinati ed un rinvio alle Condizioni Generali di Vendita.<br \/><strong>3.5<\/strong> Prima di inoltrare l\u2019Ordine d\u2019Acquisto, sar\u00e0 necessario leggere attentamente le presenti Condizioni Generali di Vendita.<br \/><strong>3.6<\/strong> Agrival3t si riserva la facolt\u00e0, a proprio insindacabile giudizio, di non accettare, anche parzialmente, ordini di prodotti. Tale rifiuto non fa maturare alcun diritto, indennizzo e\/o risarcimento di qualsivoglia natura e per qualsivoglia titolo nei confronti di Agrival3t Srl.<br \/><strong>3.7<\/strong> Affinch\u00e9 Agrival3t Srl possa provvedere alla spedizione dei prodotti, \u00e8 necessario che Lei versi l\u2019ammontare per l\u2019acquisto dei prodotti (di seguito il <em>&#8220;Prezzo&#8221;<\/em>) nelle modalit\u00e0 indicate all\u2019art. 6 che segue (<em>&#8220;Pagamenti&#8221;<\/em>).<br \/><strong>3.8<\/strong> Successivamente all\u2019effettuazione del Pagamento del Prezzo, Le sar\u00e0 assegnato un numero di ordine che dovr\u00e0 essere utilizzato per qualsiasi ulteriore comunicazione con Agrival3t Srl in relazione all\u2019Ordine di Acquisto (di seguito <em>&#8220;Numero d\u2019Ordine&#8221;<\/em>).<\/p>\n<p><strong>4. Prezzi<\/strong><br \/><strong>4.1<\/strong> Tutti i Prezzi di vendita dei prodotti presenti nel Sito accanto ad ogni singola stampa sono espressi in valuta Euro e sono comprensivi di IVA (qualora applicabile) e di eventuali imposte indirette (qualora applicabili), mentre non comprendono le spese di spedizione, che sono conteggiate prima della Conferma d\u2019Ordine che Le viene trasmessa e che Lei stesso si impegna a versare a Agrival3t Srl, in aggiunta al Prezzo indicato sul Sito.<br \/><strong>4.2<\/strong> I Prezzi dei singoli prodotti, di volta in volta pubblicati, annullano e sostituiscono eventuali Prezzi precedenti. In ogni caso, i Prezzi applicati sono quelli indicati nel Sito al momento dell\u2019Ordine di Acquisto e ribaditi all\u2019interno di quest\u2019ultimo.<\/p>\n<p><strong>5. Pagamenti<\/strong><br \/><strong>5.1<\/strong> I pagamenti potranno essere effettuati a mezzo PayPal intestato a Agrival3t Srl<br \/><strong>5.2<\/strong> Nell\u2019ipotesi di pagamento a mezzo PayPal, sar\u00e0 possibili effettuare anche il pagamento con carte di credito utilizzando esclusivamente il circuito crittografato PayPal.<br \/><strong>5.3<\/strong> In nessun momento della procedura di acquisto Agrival3t Srl \u00e8 in grado di conoscere le informazioni relative alla carta di credito e alle carte prepagate, da Lei trasmesse tramite connessione protetta direttamente al sito dell\u2019Istituto Bancario che gestisce la transazione, senza che terzi possano avervi accesso. Nessun archivio informatico relativo agli strumenti di pagamento del Prezzo \u00e8 in qualsiasi modo accessibile a Agrival3t Srl, pertanto in nessun caso Agrival3t Srl potr\u00e0 essere ritenuta responsabile per l\u2019eventuale uso fraudolento e illecito di carte di credito da parte di terzi all\u2019atto del pagamento dei prodotti acquistati.<br \/><strong>5.4<\/strong> Successivamente al pagamento del Prezzo, e comunque entro 5 giorni lavorativi dalla data in cui Agrival3t Srl \u00e8 venuta a conoscenza dell\u2019accredito del Prezzo sul proprio conto corrente (nell\u2019ipotesi di pagamento a mezzo PayPal o Carte di Credito su circuito PayPal), Agrival3t Srl La informer\u00e0 della ricezione del Prezzo attraverso una comunicazione e-mail, con la quale verr\u00e0 informato anche dei tempi di consegna del prodotto, che non potranno essere in ogni caso superiori a 15 (quindici) giorni lavorativi dall\u2019Ordine di Acquisto.<br \/><strong>5.5<\/strong> Nel caso in cui, prima dell\u2019invio della Conferma d\u2019Ordine da parte di Agrival3t Srl, Lei richiedesse per iscritto (a mezzo e-mail all\u2019indirizzo di posta elettronica info@vallillo.it) l\u2019annullamento dell\u2019Ordine di Acquisto, Agrival3t Srl provveder\u00e0 a richiedere a PayPal l\u2019annullamento della transazione. Una volta effettuata la richiesta di annullamento della transazione, in nessun caso Agrival3t potr\u00e0 essere ritenuta responsabile per eventuali spese, costi, danni, diretti o indiretti, provocati dal ritardo della transazione medesima.<\/p>\n<p><strong>6. Trasporto e Consegna<\/strong><br \/><strong>6.1<\/strong> Agrival3t Srl provveder\u00e0 a far consegnare, all\u2019indirizzo specificato al momento dell\u2019Ordine di Acquisto, i prodotti ordinati, con le modalit\u00e0 di seguito indicate.<br \/><strong>6.2<\/strong> Per l\u2019esecuzione della consegna dei prodotti Lei dovr\u00e0 fornire tutte le informazioni necessarie, comprensive di indirizzo di spedizione e numero di telefono della persona a cui dovr\u00e0 essere recapitato il prodotto, qualora fosse differente rispetto a chi effettua l\u2019ordine. La consegna avverr\u00e0 al destinatario indicato sulla lettera di vettura.<br \/><strong>6.3<\/strong> I prodotti ordinati saranno consegnati in imballaggi idonei a garantirne l\u2019integrit\u00e0 nel trasporto. La spedizione \u00e8 effettuata tramite corriere (di seguito il <em>&#8220;Vettore&#8221;<\/em>) con consegna all\u2019indirizzo indicato direttamente nell\u2019ordine.<br \/><strong>6.4<\/strong> Al momento della ricezione dei prodotti, Lei \u00e8 tenuto a controllare:<br \/>(i) che la quantit\u00e0 i prodotti ordinati corrispondano a quanto indicato nel documento di trasporto;<br \/>(ii) che l\u2019imballo risulti integro, non danneggiato o, comunque, alterato anche nei materiali di chiusura.<br \/>Una volta firmato il documento di trasporto del Vettore, non sar\u00e0 possibile opporre a Agrival3t alcuna contestazione circa le caratteristiche di quanto consegnato.<br \/><strong>6.5<\/strong> Qualora il Vettore non possa provvedere alla consegna dei prodotti per assenza fisica del destinatario o del suo delegato incaricato presso l\u2019indirizzo indicato, ovvero a causa dell\u2019indicazione errata dell\u2019indirizzo, il Vettore medesimo provveder\u00e0 a ricontattare telefonicamente il destinatario nei giorni successivi (se possibile), cos\u00ec da procedere con il secondo tentativo di consegna e portare a termine la consegna del prodotto.<br \/>Decorsi 5 (cinque) giorni senza che il destinatario si renda disponibile al ritiro dei prodotti, i medesimi verranno riconsegnati a Agrival3t Srl e tutte le spese, dirette ed indirette, saranno interamente a carico dell\u2019ordinante e Agrival3t Srl tratterr\u00e0 il pagamento dei prodotti a titolo di penale, fermo restando il diritto agli eventuali maggiori danni subiti.<br \/><strong>6.6<\/strong> Qualora il pacco consegnato dal Vettore risulti visibilmente danneggiato e rotto, La preghiamo di respingere la spedizione al mittente. In questo caso Agrival3t Srl si occuper\u00e0 del recupero della spedizione e di provvedere ad un nuovo invio.<br \/>Se la spedizione fosse di pi\u00f9 colli e non tutti fossero danneggiati, si prega di respingere il solo pacco danneggiato al mittente firmando la bolla del corriere <em>&#8220;Con Riserva&#8221;<\/em>. Agrival3t Srl provveder\u00e0 al recupero del pacco danneggiato ed alla sostituzione dello stesso.<\/p>\n<p><strong>7. Diritto di Recesso per i &#8220;consumatori&#8221;<\/strong><br \/><strong>7.1<\/strong> Il cliente <em>&#8220;consumatore&#8221;<\/em> (cos\u00ec come definito all\u2019art. 2.2) ha il diritto di recedere senza alcuna penalit\u00e0 e senza necessit\u00e0 di specificarne la motivazione, entro 14 giorni lavorativi decorrenti dalla data di ricezione dei Prodotti.<br \/><strong>7.2<\/strong> Le modalit\u00e0 di esercizio del diritto di recesso da parte del cliente consistono nell\u2019invio (a mezzo e-mail) da parte dello stesso di una richiesta di recesso, al seguente indirizzo email reclami@vallillo.it con oggetto: richiesta di recesso.<br \/><strong>7.3<\/strong> Agrival3t Srl in caso di esercizio del diritto di recesso conformemente a quanto previsto, \u00e8 tenuta al rimborso del Prezzo entro il termine di 30 giorni dalla data in cui \u00e8 venuta a conoscenza dell\u2019esercizio del diritto di recesso.<br \/><strong>7.4<\/strong> L\u2019esercizio del diritto di recesso da parte del cliente \u00e8 in ogni caso sottoposto alle seguenti condizioni:<\/p>\n<ul>\n<li><em>(a)<\/em> il diritto di recesso si applica al Prodotto acquistato nella sua interezza e non sar\u00e0 possibile restituire solamente alcune parti dei Prodotti, come a titolo esemplificativo, suoi accessori;<\/li>\n<li><em>(b)<\/em> il diritto di recesso non si applica ai Prodotti sigillati una volta che siano stati aperti;<\/li>\n<li><em>(c)<\/em> il Prodotto acquistato dovr\u00e0 essere integro e restituito nella sua confezione originale, completa in tutte le sue parti;<\/li>\n<li><em>(d)<\/em> il Prodotto deve essere restituito in normale stato di conservazione, in quanto sia stato custodito ed eventualmente adoperato con l\u2019uso della normale diligenza; non saranno di conseguenza accettati Prodotti utilizzati mal funzionanti o che abbiano segni di danneggiamento o di sporcizia e che di conseguenza non possano considerarsi pi\u00f9 integri;<\/li>\n<li><em>(e)<\/em> le spese di spedizione relative alla restituzione del Prodotto saranno a carico de Cliente;<\/li>\n<li><em>(f)<\/em> la spedizione, fino all\u2019attestato di avvenuto ricevimento nel nostro magazzino, \u00e8 sotto la completa responsabilit\u00e0 del cliente.<\/li>\n<\/ul>\n<p><strong>7.5<\/strong> Il diritto di recesso decadr\u00e0 totalmente in caso di mancanza della condizione essenziale di integrit\u00e0 del Prodotto (della sua confezione e\/o contenuto) nel caso in cui Agrival3t Srl accerti, alternativamente:<\/p>\n<ul>\n<li><em>(a)<\/em> la mancanza della confezione esterna e\/o dell\u2019imballo interno originale;<\/li>\n<li><em>(b)<\/em> l\u2019assenza di elementi integranti del Prodotto;<\/li>\n<li><em>(c)<\/em> il danneggiamento del Prodotto;<\/li>\n<li><em>(d)<\/em> la mancanza della fattura.<\/li>\n<\/ul>\n<p>Nel caso di decadenza dal diritto di recesso, Agrival3t Srl provveder\u00e0 a restituire al cliente il Prodotto acquistato, addebitando allo stesso le spese di spedizione.<\/p>\n<p><strong>8. Prodotti non conformi<\/strong><br \/><strong>8.1<\/strong> Nel caso in cui i Prodotti non siano integri, presentino danneggiamenti (per esempio segni di usura, abrasione, scalfittura, graffi o deformazioni) o comunque caratteristiche non conformi, Lei dovr\u00e0 segnalare la circostanza a Agrival3t Srl (vedi clausola n. 1.2 per i dati di contatto), indicando il relativo Numero d\u2019Ordine, ogni difetto che dovesse riscontrare sui medesimi, entro e non oltre 24 (ventiquattro) ore dalla ricezione del Prodotto.<\/p>\n<p><strong>9. Propriet\u00e0 intellettuale<\/strong><br \/><strong>9.1<\/strong> Il design, la configurazione, i loghi, la grafica, le immagini e i suoni nonch\u00e9 gli elementi tutti del Sito sono, in base alla legge e ad accordi commerciali, di propriet\u00e0 di Agrival3t Srl e non \u00e8 consentito copiarli o imitarli, neppure parzialmente.<\/p>\n<p><strong>9.2<\/strong> Ogni utilizzazione non autorizzata o comunque contraria alla legge sar\u00e0 perseguita da Agrival3t Srl in sede civile e penale.<\/p>\n<p><strong>10. Garanzia legale di conformit\u00e0 dei Prodotti<\/strong><br \/><strong>10.1<\/strong> Ai sensi e per gli effetti della Direttiva europea 44\/99\/CE e del Codice del Consumo, Agrival3t Srl Le garantisce, se <em>&#8220;consumatore&#8221;<\/em>, che i Prodotti saranno privi di difetti di progettazione, nonch\u00e9 conformi alle descrizioni pubblicate sul Sito, per un periodo di 2 (due) anni dalla data di consegna dei Prodotti medesimi. \u00c8 esclusa l\u2019applicazione di qualsiasi garanzia in caso di utilizzo del Prodotto non conforme a quello proprio del Prodotto e alle istruzioni\/avvertenze in merito fornite da Agrival3t Srl, ovvero riportate nella documentazione illustrativa di riferimento, o nell\u2019ipotesi in cui siano stati effettuati interventi di riparazione ad opera di terze parti non autorizzate da Agrival3t Srl.<\/p>\n<p><strong>11. Cause di forza maggiore<\/strong><br \/><strong>11.1<\/strong> Agrival3t Srl \u00e8 esentata da tutte le responsabilit\u00e0 per il totale o parziale inadempimento di qualsiasi obbligazione riportata nelle presenti Condizioni Generali di Vendita, qualora tale inadempimento sia causato da eventi imprevedibili e\/o eventi naturali al di fuori del controllo e della responsabilit\u00e0 Agrival3t Srl includendo, a titolo esemplificativo ma non esaustivo, eventi (disastri) naturali, atti di terrorismo, guerre, sommosse popolari, malfunzionamento della connettivit\u00e0, mancanza di energia elettrica, sciopero generale dei lavoratori pubblici e\/o privati, sciopero e\/o restrizioni in tema di viabilit\u00e0 dei corrieri e dei collegamenti aerei.<\/p>\n<p><strong>12. Privacy<\/strong><br \/><strong>12.1<\/strong> Tutte le informazioni relative al trattamento dei Suoi dati personali possono essere ottenute consultando l\u2019Informativa sul trattamento dei dati personali presente sul Sito.<\/p>\n<p><strong>13. Legge applicabile e soluzione delle controversie<\/strong><br \/><strong>13.1<\/strong> Le presenti Condizioni Generali di Vendita si intendono concluse in Italia e regolate dalla Legge Italiana.<\/p>\n<p><strong>14. Aggiornamenti e modifiche<\/strong><br \/><strong>14.1<\/strong> Le presenti Condizioni Generali di Vendita potranno essere periodicamente modificate da Agrival3t Srl in base allo sviluppo della propria politica commerciale, nonch\u00e9 in ottemperanza agli eventuali aggiornamenti e modifiche legislative. Ogni contratto concluso si considera perfezionato in base alle Condizioni Generali di Vendita in vigore al momento dell\u2019ordine e pubblicate sul Sito. Ogni aggiornamento e modifica verranno regolarmente pubblicati sul Sito e saranno immediatamente efficaci dalla data della pubblicazione sullo stesso.<\/p>\n<p><em>Ultimo aggiornamento: 18\/11\/2018<\/em><\/p>\n\t\t\t\t\t\t\t\t<\/div>\n\t\t\t\t<\/div>\n\t\t\t\t\t<\/div>\n\t\t<\/div>\n\t\t\t\t\t<\/div>\n\t\t<\/section>\n\t\t\t\t<\/div>\n\t\t","protected":false},"excerpt":{"rendered":"<p>Termini e Condizioni Generali di Vendita &#8220;AGRIVAL3T Srl&#8221; Le presenti Condizioni Generali di Vendita disciplinano l\u2019offerta del servizio di acquisto online di articoli e prodotti inerenti il settore Alimentare e affini da parte di &#8220;Agrival3tSrl&#8221;\u00a0attraverso il nostro sito web http:\/\/www.vallillo.it (di seguito il &#8220;Sito&#8221;).Tutti i rapporti contrattuali tra &#8220;Agrival3t Srl&#8221; ed il cliente sono regolati [&hellip;]<\/p>\n","protected":false},"author":1,"featured_media":0,"parent":0,"menu_order":0,"comment_status":"closed","ping_status":"closed","template":"","meta":{"_acf_changed":false,"om_disable_all_campaigns":false,"_monsterinsights_skip_tracking":false,"_monsterinsights_sitenote_active":false,"_monsterinsights_sitenote_note":"","_monsterinsights_sitenote_category":0,"footnotes":""},"class_list":["post-1059","page","type-page","status-publish","hentry"],"acf":[],"aioseo_notices":[],"_links":{"self":[{"href":"https:\/\/www.vallillo.it\/en\/wp-json\/wp\/v2\/pages\/1059","targetHints":{"allow":["GET"]}}],"collection":[{"href":"https:\/\/www.vallillo.it\/en\/wp-json\/wp\/v2\/pages"}],"about":[{"href":"https:\/\/www.vallillo.it\/en\/wp-json\/wp\/v2\/types\/page"}],"author":[{"embeddable":true,"href":"https:\/\/www.vallillo.it\/en\/wp-json\/wp\/v2\/users\/1"}],"replies":[{"embeddable":true,"href":"https:\/\/www.vallillo.it\/en\/wp-json\/wp\/v2\/comments?post=1059"}],"version-history":[{"count":2,"href":"https:\/\/www.vallillo.it\/en\/wp-json\/wp\/v2\/pages\/1059\/revisions"}],"predecessor-version":[{"id":5045,"href":"https:\/\/www.vallillo.it\/en\/wp-json\/wp\/v2\/pages\/1059\/revisions\/5045"}],"wp:attachment":[{"href":"https:\/\/www.vallillo.it\/en\/wp-json\/wp\/v2\/media?parent=1059"}],"curies":[{"name":"wp","href":"https:\/\/api.w.org\/{rel}","templated":true}]}}