{"id":2099,"date":"2022-06-13T12:08:25","date_gmt":"2022-06-13T10:08:25","guid":{"rendered":"https:\/\/www.vallillo.it\/extra-bedingungen-und-konditionen\/"},"modified":"2023-09-06T16:02:45","modified_gmt":"2023-09-06T14:02:45","slug":"extra-bedingungen-und-konditionen","status":"publish","type":"page","link":"https:\/\/www.vallillo.it\/de\/extra-bedingungen-und-konditionen\/","title":{"rendered":"EXTRA: BEDINGUNGEN UND KONDITIONEN"},"content":{"rendered":"\t\t<div data-elementor-type=\"wp-page\" data-elementor-id=\"2099\" class=\"elementor elementor-2099 elementor-596\" data-elementor-settings=\"{&quot;element_pack_global_tooltip_width&quot;:{&quot;unit&quot;:&quot;px&quot;,&quot;size&quot;:&quot;&quot;,&quot;sizes&quot;:[]},&quot;element_pack_global_tooltip_width_tablet&quot;:{&quot;unit&quot;:&quot;px&quot;,&quot;size&quot;:&quot;&quot;,&quot;sizes&quot;:[]},&quot;element_pack_global_tooltip_width_mobile&quot;:{&quot;unit&quot;:&quot;px&quot;,&quot;size&quot;:&quot;&quot;,&quot;sizes&quot;:[]},&quot;element_pack_global_tooltip_padding&quot;:{&quot;unit&quot;:&quot;px&quot;,&quot;top&quot;:&quot;&quot;,&quot;right&quot;:&quot;&quot;,&quot;bottom&quot;:&quot;&quot;,&quot;left&quot;:&quot;&quot;,&quot;isLinked&quot;:true},&quot;element_pack_global_tooltip_padding_tablet&quot;:{&quot;unit&quot;:&quot;px&quot;,&quot;top&quot;:&quot;&quot;,&quot;right&quot;:&quot;&quot;,&quot;bottom&quot;:&quot;&quot;,&quot;left&quot;:&quot;&quot;,&quot;isLinked&quot;:true},&quot;element_pack_global_tooltip_padding_mobile&quot;:{&quot;unit&quot;:&quot;px&quot;,&quot;top&quot;:&quot;&quot;,&quot;right&quot;:&quot;&quot;,&quot;bottom&quot;:&quot;&quot;,&quot;left&quot;:&quot;&quot;,&quot;isLinked&quot;:true},&quot;element_pack_global_tooltip_border_radius&quot;:{&quot;unit&quot;:&quot;px&quot;,&quot;top&quot;:&quot;&quot;,&quot;right&quot;:&quot;&quot;,&quot;bottom&quot;:&quot;&quot;,&quot;left&quot;:&quot;&quot;,&quot;isLinked&quot;:true},&quot;element_pack_global_tooltip_border_radius_tablet&quot;:{&quot;unit&quot;:&quot;px&quot;,&quot;top&quot;:&quot;&quot;,&quot;right&quot;:&quot;&quot;,&quot;bottom&quot;:&quot;&quot;,&quot;left&quot;:&quot;&quot;,&quot;isLinked&quot;:true},&quot;element_pack_global_tooltip_border_radius_mobile&quot;:{&quot;unit&quot;:&quot;px&quot;,&quot;top&quot;:&quot;&quot;,&quot;right&quot;:&quot;&quot;,&quot;bottom&quot;:&quot;&quot;,&quot;left&quot;:&quot;&quot;,&quot;isLinked&quot;:true}}\" data-elementor-post-type=\"page\">\n\t\t\t\t\t\t<section class=\"elementor-section elementor-top-section elementor-element elementor-element-67514ef elementor-section-boxed elementor-section-height-default elementor-section-height-default\" data-id=\"67514ef\" data-element_type=\"section\" data-e-type=\"section\" data-settings=\"{&quot;jet_parallax_layout_list&quot;:[{&quot;jet_parallax_layout_image&quot;:{&quot;url&quot;:&quot;&quot;,&quot;id&quot;:&quot;&quot;,&quot;size&quot;:&quot;&quot;},&quot;_id&quot;:&quot;8cb7980&quot;,&quot;jet_parallax_layout_image_tablet&quot;:{&quot;url&quot;:&quot;&quot;,&quot;id&quot;:&quot;&quot;,&quot;size&quot;:&quot;&quot;},&quot;jet_parallax_layout_image_mobile&quot;:{&quot;url&quot;:&quot;&quot;,&quot;id&quot;:&quot;&quot;,&quot;size&quot;:&quot;&quot;},&quot;jet_parallax_layout_speed&quot;:{&quot;unit&quot;:&quot;%&quot;,&quot;size&quot;:50,&quot;sizes&quot;:[]},&quot;jet_parallax_layout_type&quot;:&quot;scroll&quot;,&quot;jet_parallax_layout_direction&quot;:null,&quot;jet_parallax_layout_fx_direction&quot;:null,&quot;jet_parallax_layout_z_index&quot;:&quot;&quot;,&quot;jet_parallax_layout_bg_x&quot;:50,&quot;jet_parallax_layout_bg_x_tablet&quot;:&quot;&quot;,&quot;jet_parallax_layout_bg_x_mobile&quot;:&quot;&quot;,&quot;jet_parallax_layout_bg_y&quot;:50,&quot;jet_parallax_layout_bg_y_tablet&quot;:&quot;&quot;,&quot;jet_parallax_layout_bg_y_mobile&quot;:&quot;&quot;,&quot;jet_parallax_layout_bg_size&quot;:&quot;auto&quot;,&quot;jet_parallax_layout_bg_size_tablet&quot;:&quot;&quot;,&quot;jet_parallax_layout_bg_size_mobile&quot;:&quot;&quot;,&quot;jet_parallax_layout_animation_prop&quot;:&quot;transform&quot;,&quot;jet_parallax_layout_on&quot;:[&quot;desktop&quot;,&quot;tablet&quot;]}]}\">\n\t\t\t\t\t\t<div class=\"elementor-container elementor-column-gap-default\">\n\t\t\t\t\t<div class=\"elementor-column elementor-col-100 elementor-top-column elementor-element elementor-element-184241e\" data-id=\"184241e\" data-element_type=\"column\" data-e-type=\"column\">\n\t\t\t<div class=\"elementor-widget-wrap elementor-element-populated\">\n\t\t\t\t\t\t<div class=\"elementor-element elementor-element-0614632 elementor-widget elementor-widget-text-editor\" data-id=\"0614632\" data-element_type=\"widget\" data-e-type=\"widget\" data-widget_type=\"text-editor.default\">\n\t\t\t\t<div class=\"elementor-widget-container\">\n\t\t\t\t\t\t\t\t\t<p>Allgemeine Verkaufsbedingungen \u201cAGRIVAL3T Srl&#8221;<\/p><p>Die vorliegenden Allgemeinen Verkaufsbedingungen regeln das Angebot der Dienstleistung des Online-Kaufs von Artikeln und Produkten im Zusammenhang mit dem Lebensmittelsektor und verwandten Sektoren durch &#8220;Agrival3tSrl&#8221; \u00fcber unsere Website https:\/\/www.vallillo.it (im Folgenden die &#8220;Website&#8221;).<\/p><p>Alle vertraglichen Beziehungen zwischen &#8220;Agrival3t Srl&#8221; und dem Kunden werden durch die vorliegenden Allgemeinen Verkaufsbedingungen geregelt, die integraler und wesentlicher Bestandteil jedes Angebots, jeder Bestellung und jeder Auftragsbest\u00e4tigung f\u00fcr die auf der Website zum Verkauf stehenden Produkte sind.<\/p><p>F\u00fcr alle Angelegenheiten, die nicht ausdr\u00fccklich in den vorliegenden Allgemeinen Verkaufsbedingungen geregelt sind, wird auf die Bestimmungen des Gesetzesdekrets Nr. 206 vom 6. September 2005 (Verbraucherschutzgesetz&#8221;) und nachfolgende \u00c4nderungen sowie auf das Gesetzesdekret Nr. 70 vom 9. April 2003 und nachfolgende \u00c4nderungen sowie auf die Bestimmungen des italienischen Zivilgesetzbuches verwiesen.<\/p><ol><li>Kontakt<\/li><\/ol><p>1.1 Agrival3t Srl \u2013 Stadtviertel Casale Defensa-Stra\u00dfe- 71010 Serracapriola &#8211; Apulien &#8211; Italien &#8211; Telefon: (+39) 0882 682565 &#8211; Mobil: (+39) 3883456472 &#8211; Internet: www.vallillo.it &#8211; E-Mail: info@vallillo.it<\/p><p>1.2 Jede Anfrage nach Informationen oder Klarstellungen kann direkt an Agrival3t Srl &#8211; Stadtviertel Casale Defensa -Stra\u00dfe- 71010 Serracapriola -Puglia &#8211; Italy &#8211; Telefon: (+39) 0882 682565 &#8211; Mobil: (+39) 3883456472 &#8211; Internet: www.vallillo.it &#8211; E-Mail: info@vallillo.it<\/p><ol start=\"2\"><li>Handelspolitik<\/li><\/ol><p>2.1 &#8220;Agrival3t Srl&#8221; bietet \u00fcber die Website den Verkauf von Produkten aus dem Lebensmittelbereich und verwandten Bereichen an.<\/p><p>2.2 Der Verkauf von Produkten im Lebensmittelbereich und verwandten Bereichen richtet sich ausschlie\u00dflich an &#8220;Verbraucher&#8221; \u00fcber 18 (achtzehn) Jahren.<\/p><p>Verbraucher&#8221; ist jede nat\u00fcrliche Person, die die Website zu Zwecken nutzt, die nicht im Zusammenhang mit ihrer beruflichen, gewerblichen oder unternehmerischen T\u00e4tigkeit stehen.<\/p><p>2.3 Die wesentlichen Merkmale der Produkte des Lebensmittelsektors und verwandter Sektoren werden durch spezielle Beschreibungen dargestellt, die direkt auf der Website sichtbar sind.<\/p><ol start=\"3\"><li>Kaufvertrag und Bedingungen f\u00fcr die Erbringung von Dienstleistungen<\/li><\/ol><p>3.1 Diese Allgemeinen Verkaufsbedingungen regeln ausschlie\u00dflich die Erbringung der Dienstleistung &#8220;Lebensmittel und verwandte Produkte&#8221; \u00fcber die Website.<\/p><p>3.2 Die vorliegenden Allgemeinen Verkaufsbedingungen regeln nicht die Erbringung von Dienstleistungen oder den Verkauf von Produkten durch andere Subjekte als &#8220;Agrival3t Srl&#8221;, auf die auf der Website durch Hypertext-Links oder Banner verwiesen wird. &#8220;Agrival3t Srl&#8221; ist nicht verantwortlich f\u00fcr die Lieferung von Dienstleistungen und\/oder Produkten oder f\u00fcr den Abschluss von Vertr\u00e4gen zwischen Ihnen und anderen Dritten als &#8220;Agrival3t Srl&#8221;. Wenn Sie irgendwelche Zweifel haben, senden Sie bitte eine E-Mail an info@vallillo.it.<\/p><p>3.3 Sie k\u00f6nnen den Kauf von Produkten aus dem Lebensmittelbereich und verwandten Bereichen direkt auf der Website t\u00e4tigen. Wenn Sie die Auswahl der Produkte abgeschlossen haben, wird Ihnen ein Bildschirm zum Absenden der Bestellung angezeigt, auf dem alle eingegebenen Daten aufgef\u00fchrt sind, deren Richtigkeit Sie \u00fcberpr\u00fcfen m\u00fcssen. Wenn Sie die Auswahl der Produkte in den Bereichen Lebensmittel und verwandte Bereiche abgeschlossen haben, um diese zu kaufen, werden Sie au\u00dferdem aufgefordert, (i) sich (kostenlos) auf der Website zu registrieren und die angeforderten Daten anzugeben, oder (ii) sich einzuloggen, wenn Sie bereits registriert sind, oder (iii) Ihre Daten anzugeben, um die Bestellung abzuschlie\u00dfen und die Ausf\u00fchrung des Vertrags zu erm\u00f6glichen.<\/p><p>3.4 Um mit dem Kauf eines oder mehrerer Produkte aus dem Lebensmittelbereich und verwandten Bereichen fortzufahren, ist es notwendig, die Einkaufsbestellung direkt auf der Website auszuf\u00fcllen, indem man die entsprechenden Anweisungen befolgt (im Folgenden &#8221; Einkaufsbestellung\u201d).<\/p><p>Die Einkaufsbestellung enth\u00e4lt eine Zusammenfassung der wichtigsten Gesch\u00e4ftsbedingungen, einschlie\u00dflich des Preises, der Zahlungsmodalit\u00e4ten und der Liefermodalit\u00e4ten, sowie Informationen \u00fcber die wichtigsten Merkmale der bestellten Produkte und einen Verweis auf die Allgemeinen Verkaufsbedingungen.<\/p><p>3.5 Bevor Sie die Einkaufsbestellung aufgeben, m\u00fcssen Sie diese Allgemeinen Verkaufsbedingungen sorgf\u00e4ltig lesen.<\/p><p>3.6 Agrival3t beh\u00e4lt sich das Recht vor, nach eigenem Ermessen Bestellungen von Produkten, auch teilweise, nicht anzunehmen. Eine solche Weigerung begr\u00fcndet kein Recht auf Entsch\u00e4digung und\/oder Schadensersatz jeglicher Art und aus jeglichem Grund gegen\u00fcber Agrival3t Srl.<\/p><p>3.7 Damit Agrival3t Srl den Versand der Produkte vornehmen kann, m\u00fcssen Sie den Betrag f\u00fcr den Kauf der Produkte (im Folgenden &#8220;Preis&#8221;) auf die in Art. 6 unten angegebene Weise bezahlen (&#8220;Zahlungen&#8221;).<\/p><p>3.8 Nach der Zahlung des Preises wird Ihnen eine Bestellnummer zugeteilt, die f\u00fcr jede weitere Kommunikation mit Agrival3t Srl im Zusammenhang mit der Einkaufsbestellung verwendet werden muss (im Folgenden die &#8220;Bestellnummer&#8221;).<\/p><ol start=\"4\"><li>Preise<\/li><\/ol><p>4.1 Alle Verkaufspreise der Produkte, die auf der Website neben jedem einzelnen Druck angezeigt werden, sind in Euro ausgedr\u00fcckt und enthalten die Mehrwertsteuer (falls zutreffend) und alle indirekten Steuern (falls zutreffend), w\u00e4hrend sie keine Versandkosten enthalten, die vor der Auftragsbest\u00e4tigung, die Ihnen zugesandt wird, berechnet werden und die Sie sich verpflichten, an Agrival3t Srl zu zahlen, zus\u00e4tzlich zu dem auf der Website angegebenen Preis.<\/p><p>4.2 Die von Zeit zu Zeit ver\u00f6ffentlichten Preise der einzelnen Produkte annullieren und ersetzen alle fr\u00fcheren Preise. In jedem Fall gelten die Preise, die zum Zeitpunkt der Einkaufsbestellung auf der Website angegeben sind und die in der Bestellung wiederholt werden.<\/p><ol start=\"5\"><li>Zahlungen<\/li><\/ol><p>5.1 Zahlungen k\u00f6nnen per PayPal im Namen von Agrival3t Srl vorgenommen werden.<\/p><p>5.2 Bei Zahlung per PayPal ist auch die Zahlung per Kreditkarte ausschlie\u00dflich \u00fcber den verschl\u00fcsselten PayPal-Kreislauf m\u00f6glich.<\/p><p>5.3 Agrival3t Srl ist zu keinem Zeitpunkt des Kaufvorgangs in der Lage, die Daten Ihrer Kreditkarte und Ihrer Prepaid-Karten zu kennen, die Sie \u00fcber eine gesicherte Verbindung direkt an die Website des Bankinstituts \u00fcbermitteln, das die Transaktion abwickelt, ohne dass Dritte Zugang zu ihnen haben. Agrival3t Srl hat in keiner Weise Zugang zu den Computerdateien, die sich auf die Zahlungsmittel des Preises beziehen, und kann daher in keinem Fall f\u00fcr die betr\u00fcgerische oder illegale Verwendung von Kreditkarten durch Dritte bei der Bezahlung der gekauften Produkte verantwortlich gemacht werden.<\/p><p>5.4 Nach der Zahlung des Preises und in jedem Fall innerhalb von 5 Arbeitstagen ab dem Datum, an dem Agrival3t Srl von der Gutschrift des Preises auf dem Girokonto Kenntnis erlangt hat (im Falle einer Zahlung per PayPal oder Kreditkarte auf dem PayPal-Kreislauf), informiert Agrival3t Srl Sie \u00fcber den Erhalt des Preises durch eine E-Mail-Mitteilung, in der sie Sie auch \u00fcber die Lieferfrist des Produkts informiert, die in keinem Fall l\u00e4nger als 15 (f\u00fcnfzehn) Arbeitstage ab der Einkaufsbestellung sein kann.<\/p><p>5.5 F\u00fcr den Fall, dass Sie vor dem Versand der Auftragsbest\u00e4tigung durch Agrival3t Srl schriftlich (per E-Mail an die E-Mail-Adresse info@vallillo.it) die Stornierung der Einkaufsbestellung beantragen, wird Agrival3t Srl PayPal bitten, die Transaktion zu stornieren. Sobald der Antrag auf Stornierung der Transaktion gestellt wurde, kann Agrival3t in keinem Fall f\u00fcr irgendwelche Ausgaben, Kosten, Sch\u00e4den, direkt oder indirekt, die durch die Verz\u00f6gerung der Transaktion selbst verursacht wurden, verantwortlich gemacht werden.<\/p><ol start=\"6\"><li>Transport und Lieferung<\/li><\/ol><p>6.1 Agrival3t Srl wird die bestellten Produkte an die bei der Einkaufsbestellung angegebene Adresse liefern lassen, und zwar auf die unten angegebene Weise.<\/p><p>6.2 Um die Lieferung der Produkte durchf\u00fchren zu k\u00f6nnen, m\u00fcssen Sie alle erforderlichen Angaben machen, einschlie\u00dflich der Lieferanschrift und der Telefonnummer der Person, an die das Produkt geliefert werden soll, sofern sie sich von der Person, die die Bestellung aufgegeben hat, unterscheidet. Die Lieferung erfolgt an den auf dem Frachtbrief angegebenen Empf\u00e4nger.<\/p><p>6.3 Die bestellten Produkte werden in einer geeigneten Verpackung geliefert, um ihre Unversehrtheit w\u00e4hrend des Transports zu gew\u00e4hrleisten. Der Versand erfolgt durch einen Kurierdienst (im Folgenden &#8220;der Vektor&#8221;) mit Lieferung an die direkt in der Bestellung angegebene Adresse.<\/p><p>6.4 Nach Erhalt der Produkte sind Sie verpflichtet, diese zu \u00fcberpr\u00fcfen:<\/p><p>(i) dass die Menge der bestellten Erzeugnisse der im Bef\u00f6rderungspapier angegebenen Menge entspricht;<\/p><p>(ii) dass die Verpackung unversehrt und unbesch\u00e4digt ist und auf keinen Fall ver\u00e4ndert wurde, einschlie\u00dflich des Verschlussmaterials.<\/p><p>Nach der Unterzeichnung des Transportdokuments des Vektors ist es nicht mehr m\u00f6glich, Agrival3t gegen\u00fcber Einw\u00e4nde hinsichtlich der Eigenschaften der gelieferten Waren zu erheben.<\/p><p>6.5 Wenn der Vektors die Produkte aufgrund der physischen Abwesenheit des Empf\u00e4ngers oder seines Bevollm\u00e4chtigten an der angegebenen Adresse oder aufgrund falscher Adressangaben nicht zustellen kann, wird sich der Frachtf\u00fchrer in den folgenden Tagen (wenn m\u00f6glich) telefonisch mit dem Empf\u00e4nger in Verbindung setzen, um einen zweiten Zustellversuch zu unternehmen und die Zustellung des Produkts abzuschlie\u00dfen.<\/p><p>Nach 5 (f\u00fcnf) Tagen, in denen der Empf\u00e4nger die Produkte nicht abholen kann, werden diese an Agrival3t Srl zur\u00fcckgeschickt und alle direkten und indirekten Kosten gehen vollst\u00e4ndig zu Lasten des Kunden, und Agrival3t Srl wird die Zahlung der Produkte als Strafe einbehalten, unbeschadet des Rechts auf einen h\u00f6heren Schaden.<\/p><p>6.6 Wenn das vom Spediteur gelieferte Paket sichtbar besch\u00e4digt und zerbrochen ist, senden Sie die Sendung bitte an den Absender zur\u00fcck. In diesem Fall k\u00fcmmert sich Agrival3t Srl um die Wiederherstellung der Sendung und sorgt f\u00fcr einen neuen Versand.<\/p><p>Wenn die Sendung aus mehreren Paketen besteht und nicht alle besch\u00e4digt sind, senden Sie bitte nur das besch\u00e4digte Paket an den Absender zur\u00fcck, indem Sie den Lieferschein des Kuriers mit &#8220;Con Riserva&#8221; unterschreiben. Agrival3t Srl wird das besch\u00e4digte Paket wiederherstellen und es ersetzen.<\/p><ol start=\"7\"><li>Widerrufsrecht f\u00fcr &#8220;Verbraucher<\/li><\/ol><p>7.1 Der &#8220;Verbraucher&#8221;-Kunde (im Sinne von Artikel 2.2) hat das Recht, innerhalb von 14 Werktagen nach Erhalt der Produkte vom Vertrag zur\u00fcckzutreten, ohne eine Vertragsstrafe zu zahlen und ohne einen Grund angeben zu m\u00fcssen.<\/p><p>7.2 Die Modalit\u00e4ten f\u00fcr die Aus\u00fcbung des R\u00fccktrittsrechts seitens des Kunden bestehen darin, dass dieser (per E-Mail) einen Antrag auf R\u00fccktritt an die folgende E-Mail-Adresse reclami@vallillo.it mit dem Betreff: Antrag auf R\u00fccktritt sendet.<\/p><p>7.3 Agrival3t Srl ist im Falle der Aus\u00fcbung des R\u00fccktrittsrechts gem\u00e4\u00df den Bestimmungen verpflichtet, den Preis innerhalb einer Frist von 30 Tagen ab dem Datum, an dem sie von der Aus\u00fcbung des R\u00fccktrittsrechts Kenntnis erlangt hat, zu erstatten.<\/p><p>7.4 Die Aus\u00fcbung des R\u00fccktrittsrechts durch den Kunden unterliegt in jedem Fall den folgenden Bedingungen:<\/p><p>(a) Das Widerrufsrecht bezieht sich auf das gekaufte Produkt in seiner Gesamtheit, und es ist nicht m\u00f6glich, nur bestimmte Teile des Produkts zur\u00fcckzugeben, wie z. B. das Zubeh\u00f6r;<\/p><p>(b) Das Widerrufsrecht gilt nicht f\u00fcr versiegelte Produkte, sobald diese ge\u00f6ffnet wurden;<\/p><p>(c) das gekaufte Produkt muss unversehrt sein und in seiner Originalverpackung und in allen seinen Teilen zur\u00fcckgegeben werden;<\/p><p>(d) das Produkt muss in einem normalen Erhaltungszustand zur\u00fcckgegeben werden, sofern es mit normaler Sorgfalt aufbewahrt und gegebenenfalls benutzt wurde; folglich werden Produkte, die in einem schlechten Erhaltungszustand benutzt wurden oder Anzeichen von Besch\u00e4digung oder Verschmutzung aufweisen und folglich nicht mehr als intakt angesehen werden k\u00f6nnen, nicht akzeptiert;<\/p><p>(e) die Versandkosten f\u00fcr die R\u00fccksendung des Produkts sind vom Kunden zu tragen;<\/p><p>(f) Der Versand erfolgt bis zum Eingang in unserem Lager unter der vollen Verantwortung des Kunden.<\/p><p>7.5 Das R\u00fccktrittsrecht wird vollst\u00e4ndig verwirkt im Falle eines Mangels an der wesentlichen Integrit\u00e4t des Produkts (seine Verpackung und \/ oder Inhalt) in dem Fall, dass Agrival3t Srl feststellt, alternativ:<\/p><p>(a) das Fehlen der \u00e4u\u00dferen und\/oder inneren Originalverpackung;<\/p><p>(b) das Fehlen wesentlicher Bestandteile des Produkts;<\/p><p>(c) Sch\u00e4den am Produkt;<\/p><p>(d) das Fehlen einer Rechnung.<\/p><p>Im Falle der Verwirkung des R\u00fccktrittsrechts wird Agrival3t Srl das gekaufte Produkt an den Kunden zur\u00fccksenden und die gleichen Versandkosten berechnen.<\/p><ol start=\"8\"><li>Nicht konforme Produkte<\/li><\/ol><p>8.1 Falls die Produkte nicht intakt sind, Besch\u00e4digungen (z.B. Abnutzungserscheinungen, Abrieb, Kratzer oder Verformungen) oder andere nicht konforme Eigenschaften aufweisen, m\u00fcssen Sie Agrival3t Srl (siehe Klausel Nr. 1.2 f\u00fcr die Kontaktdaten) innerhalb von 24 (vierundzwanzig) Stunden nach Erhalt des Produkts unter Angabe der entsprechenden Bestellnummer \u00fcber alle M\u00e4ngel, die Sie an den Produkten feststellen, informieren.<\/p><ol start=\"9\"><li>Geistiges Eigentum<\/li><\/ol><p>9.1 Das Design, die Konfiguration, die Logos, die Grafiken, die Bilder und die T\u00f6ne sowie alle Elemente der Website sind laut Gesetz und Handelsvertr\u00e4gen Eigentum von Agrival3t Srl und d\u00fcrfen nicht kopiert oder imitiert werden, auch nicht teilweise.<\/p><p>9.2 Jede unerlaubte oder gesetzeswidrige Nutzung wird von Agrival3t Srl zivil- und strafrechtlich verfolgt.<\/p><ol start=\"10\"><li>Gesetzliche Garantie der Konformit\u00e4t der Produkte<\/li><\/ol><p>10.1 Gem\u00e4\u00df und im Sinne der Europ\u00e4ischen Richtlinie 44\/99\/EG und des Verbraucherschutzgesetzes garantiert Agrival3t Srl Ihnen, wenn Sie ein &#8220;Verbraucher&#8221; sind, dass die Produkte frei von Konstruktionsfehlern sind und den auf der Website ver\u00f6ffentlichten Beschreibungen entsprechen, und zwar f\u00fcr einen Zeitraum von 2 (zwei) Jahren ab dem Datum der Lieferung der Produkte. Jegliche Gew\u00e4hrleistung ist ausgeschlossen, wenn das Produkt nicht in \u00dcbereinstimmung mit der ordnungsgem\u00e4\u00dfen Verwendung des Produkts und den diesbez\u00fcglichen Anweisungen\/Warnungen von Agrival3t Srl verwendet wird oder in der illustrativen Referenzdokumentation angegeben ist, oder wenn Reparaturarbeiten von Dritten durchgef\u00fchrt werden, die nicht von Agrival3t Srl autorisiert wurden.<\/p><ol start=\"11\"><li>H\u00f6here Gewalt<\/li><\/ol><p>11.1 Agrival3t Srl ist von jeglicher Haftung f\u00fcr die vollst\u00e4ndige oder teilweise Nichterf\u00fcllung der in diesen Allgemeinen Verkaufsbedingungen genannten Verpflichtungen befreit, wenn diese Nichterf\u00fcllung auf unvorhersehbare Ereignisse und\/oder Naturereignisse zur\u00fcckzuf\u00fchren ist, die au\u00dferhalb der Kontrolle und Verantwortung von Agrival3t Srl liegen, beispielsweise, aber nicht ausschlie\u00dflich, Naturereignisse (Katastrophen), Terrorakte, Kriege, Volksaufst\u00e4nde, Verbindungsst\u00f6rungen, Stromausfall, Generalstreiks \u00f6ffentlicher und\/oder privater Arbeitnehmer, Streiks und\/oder Beschr\u00e4nkungen von Kurier- und Flugverbindungen.<\/p><ol start=\"12\"><li>Datenschutz<\/li><\/ol><p>12.1 Alle Informationen \u00fcber die Verarbeitung Ihrer personenbezogenen Daten k\u00f6nnen Sie in den Informationen \u00fcber die Verarbeitung personenbezogener Daten auf der Website nachlesen.<\/p><ol start=\"13\"><li>Anwendbares Recht und Beilegung von Streitigkeiten<\/li><\/ol><p>13.1 Die vorliegenden Allgemeinen Verkaufsbedingungen werden in Italien abgeschlossen und unterliegen dem italienischen Recht.<\/p><ol start=\"14\"><li>Aktualisierungen und \u00c4nderungen<\/li><\/ol><p>14.1 Die vorliegenden Allgemeinen Verkaufsbedingungen k\u00f6nnen von Agrival3t Srl in regelm\u00e4\u00dfigen Abst\u00e4nden entsprechend der Entwicklung ihrer Gesch\u00e4ftspolitik sowie in \u00dcbereinstimmung mit eventuellen Aktualisierungen und Gesetzes\u00e4nderungen ge\u00e4ndert werden. Jeder abgeschlossene Vertrag gilt als auf der Grundlage der zum Zeitpunkt der Bestellung geltenden und auf der Website ver\u00f6ffentlichten Allgemeinen Verkaufsbedingungen abgeschlossen. Alle Aktualisierungen und \u00c4nderungen werden regelm\u00e4\u00dfig auf der Website ver\u00f6ffentlicht und treten unmittelbar ab dem Datum der Ver\u00f6ffentlichung auf der Website in Kraft.<\/p><p>Zuletzt aktualisiert: 18\/11\/2018<\/p>\t\t\t\t\t\t\t\t<\/div>\n\t\t\t\t<\/div>\n\t\t\t\t\t<\/div>\n\t\t<\/div>\n\t\t\t\t\t<\/div>\n\t\t<\/section>\n\t\t\t\t<\/div>\n\t\t","protected":false},"excerpt":{"rendered":"<p>Allgemeine Verkaufsbedingungen \u201cAGRIVAL3T Srl&#8221; Die vorliegenden Allgemeinen Verkaufsbedingungen regeln das Angebot der Dienstleistung des Online-Kaufs von Artikeln und Produkten im Zusammenhang mit dem Lebensmittelsektor und verwandten Sektoren durch &#8220;Agrival3tSrl&#8221; \u00fcber unsere Website https:\/\/www.vallillo.it (im Folgenden die &#8220;Website&#8221;). Alle vertraglichen Beziehungen zwischen &#8220;Agrival3t Srl&#8221; und dem Kunden werden durch die vorliegenden Allgemeinen Verkaufsbedingungen geregelt, die integraler [&hellip;]<\/p>\n","protected":false},"author":1,"featured_media":0,"parent":0,"menu_order":0,"comment_status":"closed","ping_status":"closed","template":"","meta":{"_acf_changed":false,"om_disable_all_campaigns":false,"_monsterinsights_skip_tracking":false,"_monsterinsights_sitenote_active":false,"_monsterinsights_sitenote_note":"","_monsterinsights_sitenote_category":0,"footnotes":""},"class_list":["post-2099","page","type-page","status-publish","hentry"],"acf":[],"aioseo_notices":[],"_links":{"self":[{"href":"https:\/\/www.vallillo.it\/de\/wp-json\/wp\/v2\/pages\/2099","targetHints":{"allow":["GET"]}}],"collection":[{"href":"https:\/\/www.vallillo.it\/de\/wp-json\/wp\/v2\/pages"}],"about":[{"href":"https:\/\/www.vallillo.it\/de\/wp-json\/wp\/v2\/types\/page"}],"author":[{"embeddable":true,"href":"https:\/\/www.vallillo.it\/de\/wp-json\/wp\/v2\/users\/1"}],"replies":[{"embeddable":true,"href":"https:\/\/www.vallillo.it\/de\/wp-json\/wp\/v2\/comments?post=2099"}],"version-history":[{"count":1,"href":"https:\/\/www.vallillo.it\/de\/wp-json\/wp\/v2\/pages\/2099\/revisions"}],"predecessor-version":[{"id":3884,"href":"https:\/\/www.vallillo.it\/de\/wp-json\/wp\/v2\/pages\/2099\/revisions\/3884"}],"wp:attachment":[{"href":"https:\/\/www.vallillo.it\/de\/wp-json\/wp\/v2\/media?parent=2099"}],"curies":[{"name":"wp","href":"https:\/\/api.w.org\/{rel}","templated":true}]}}