{"id":2094,"date":"2022-06-13T12:05:37","date_gmt":"2022-06-13T10:05:37","guid":{"rendered":"https:\/\/www.vallillo.it\/datenschutzpolitik\/"},"modified":"2023-09-06T16:02:45","modified_gmt":"2023-09-06T14:02:45","slug":"datenschutzpolitik","status":"publish","type":"page","link":"https:\/\/www.vallillo.it\/de\/datenschutzpolitik\/","title":{"rendered":"DATENSCHUTZPOLITIK"},"content":{"rendered":"\t\t<div data-elementor-type=\"wp-page\" data-elementor-id=\"2094\" class=\"elementor elementor-2094 elementor-3\" data-elementor-settings=\"{&quot;element_pack_global_tooltip_width&quot;:{&quot;unit&quot;:&quot;px&quot;,&quot;size&quot;:&quot;&quot;,&quot;sizes&quot;:[]},&quot;element_pack_global_tooltip_width_tablet&quot;:{&quot;unit&quot;:&quot;px&quot;,&quot;size&quot;:&quot;&quot;,&quot;sizes&quot;:[]},&quot;element_pack_global_tooltip_width_mobile&quot;:{&quot;unit&quot;:&quot;px&quot;,&quot;size&quot;:&quot;&quot;,&quot;sizes&quot;:[]},&quot;element_pack_global_tooltip_padding&quot;:{&quot;unit&quot;:&quot;px&quot;,&quot;top&quot;:&quot;&quot;,&quot;right&quot;:&quot;&quot;,&quot;bottom&quot;:&quot;&quot;,&quot;left&quot;:&quot;&quot;,&quot;isLinked&quot;:true},&quot;element_pack_global_tooltip_padding_tablet&quot;:{&quot;unit&quot;:&quot;px&quot;,&quot;top&quot;:&quot;&quot;,&quot;right&quot;:&quot;&quot;,&quot;bottom&quot;:&quot;&quot;,&quot;left&quot;:&quot;&quot;,&quot;isLinked&quot;:true},&quot;element_pack_global_tooltip_padding_mobile&quot;:{&quot;unit&quot;:&quot;px&quot;,&quot;top&quot;:&quot;&quot;,&quot;right&quot;:&quot;&quot;,&quot;bottom&quot;:&quot;&quot;,&quot;left&quot;:&quot;&quot;,&quot;isLinked&quot;:true},&quot;element_pack_global_tooltip_border_radius&quot;:{&quot;unit&quot;:&quot;px&quot;,&quot;top&quot;:&quot;&quot;,&quot;right&quot;:&quot;&quot;,&quot;bottom&quot;:&quot;&quot;,&quot;left&quot;:&quot;&quot;,&quot;isLinked&quot;:true},&quot;element_pack_global_tooltip_border_radius_tablet&quot;:{&quot;unit&quot;:&quot;px&quot;,&quot;top&quot;:&quot;&quot;,&quot;right&quot;:&quot;&quot;,&quot;bottom&quot;:&quot;&quot;,&quot;left&quot;:&quot;&quot;,&quot;isLinked&quot;:true},&quot;element_pack_global_tooltip_border_radius_mobile&quot;:{&quot;unit&quot;:&quot;px&quot;,&quot;top&quot;:&quot;&quot;,&quot;right&quot;:&quot;&quot;,&quot;bottom&quot;:&quot;&quot;,&quot;left&quot;:&quot;&quot;,&quot;isLinked&quot;:true}}\" data-elementor-post-type=\"page\">\n\t\t\t\t\t\t<section class=\"elementor-section elementor-top-section elementor-element elementor-element-497f6d3 elementor-section-boxed elementor-section-height-default elementor-section-height-default\" data-id=\"497f6d3\" data-element_type=\"section\" data-e-type=\"section\" data-settings=\"{&quot;jet_parallax_layout_list&quot;:[{&quot;jet_parallax_layout_image&quot;:{&quot;url&quot;:&quot;&quot;,&quot;id&quot;:&quot;&quot;,&quot;size&quot;:&quot;&quot;},&quot;_id&quot;:&quot;b7c08c2&quot;,&quot;jet_parallax_layout_image_tablet&quot;:{&quot;url&quot;:&quot;&quot;,&quot;id&quot;:&quot;&quot;,&quot;size&quot;:&quot;&quot;},&quot;jet_parallax_layout_image_mobile&quot;:{&quot;url&quot;:&quot;&quot;,&quot;id&quot;:&quot;&quot;,&quot;size&quot;:&quot;&quot;},&quot;jet_parallax_layout_speed&quot;:{&quot;unit&quot;:&quot;%&quot;,&quot;size&quot;:50,&quot;sizes&quot;:[]},&quot;jet_parallax_layout_type&quot;:&quot;scroll&quot;,&quot;jet_parallax_layout_direction&quot;:null,&quot;jet_parallax_layout_fx_direction&quot;:null,&quot;jet_parallax_layout_z_index&quot;:&quot;&quot;,&quot;jet_parallax_layout_bg_x&quot;:50,&quot;jet_parallax_layout_bg_x_tablet&quot;:&quot;&quot;,&quot;jet_parallax_layout_bg_x_mobile&quot;:&quot;&quot;,&quot;jet_parallax_layout_bg_y&quot;:50,&quot;jet_parallax_layout_bg_y_tablet&quot;:&quot;&quot;,&quot;jet_parallax_layout_bg_y_mobile&quot;:&quot;&quot;,&quot;jet_parallax_layout_bg_size&quot;:&quot;auto&quot;,&quot;jet_parallax_layout_bg_size_tablet&quot;:&quot;&quot;,&quot;jet_parallax_layout_bg_size_mobile&quot;:&quot;&quot;,&quot;jet_parallax_layout_animation_prop&quot;:&quot;transform&quot;,&quot;jet_parallax_layout_on&quot;:[&quot;desktop&quot;,&quot;tablet&quot;]}]}\">\n\t\t\t\t\t\t<div class=\"elementor-container elementor-column-gap-default\">\n\t\t\t\t\t<div class=\"elementor-column elementor-col-100 elementor-top-column elementor-element elementor-element-8fd4b0e\" data-id=\"8fd4b0e\" data-element_type=\"column\" data-e-type=\"column\">\n\t\t\t<div class=\"elementor-widget-wrap elementor-element-populated\">\n\t\t\t\t\t\t<div class=\"elementor-element elementor-element-b52a7d1 elementor-widget elementor-widget-text-editor\" data-id=\"b52a7d1\" data-element_type=\"widget\" data-e-type=\"widget\" data-widget_type=\"text-editor.default\">\n\t\t\t\t<div class=\"elementor-widget-container\">\n\t\t\t\t\t\t\t\t\t<p><strong>Datenschutzbeauftragte<\/strong><\/p><p>Agrival 3T<\/p><p>Stadtviertel Casale Defensa<\/p><p>Serracapriola (FG) &#8211; Apulien &#8211; Italien<\/p><p>E-Mail Adresse des Inhabers: info@vallillo.it<\/p><p>Arten der erhobenen Daten<\/p><p>Zu den pers\u00f6nlichen Daten, die von dieser Website entweder selbst oder \u00fcber Dritte gesammelt werden, geh\u00f6ren: Vorname, Nachname, E-Mail, Cookies und Nutzungsdaten.<\/p><p>Ausf\u00fchrliche Angaben zu jeder Art von erfassten Daten finden Sie in den entsprechenden Abschnitten dieser Datenschutzerkl\u00e4rung oder durch spezielle Informationstexte, die vor der Erfassung der Daten angezeigt werden.<\/p><p>Personenbezogene Daten k\u00f6nnen vom Nutzer freiwillig zur Verf\u00fcgung gestellt werden oder, im Falle von Nutzungsdaten, automatisch w\u00e4hrend der Nutzung dieser Website erhoben werden.<\/p><p>Sofern nicht anders angegeben, sind alle auf dieser Website abgefragten Daten obligatorisch. Weigert sich der Nutzer, diese mitzuteilen, kann es f\u00fcr diese Website unm\u00f6glich sein, den Dienst zu erbringen. In den F\u00e4llen, in denen auf dieser Website bestimmte Daten als fakultativ gekennzeichnet sind, steht es den Nutzern frei, auf die \u00dcbermittlung dieser Daten zu verzichten, ohne dass dies Auswirkungen auf die Verf\u00fcgbarkeit des Dienstes oder seinen Betrieb hat.<\/p><p>Nutzer, die Zweifel daran haben, welche Daten obligatorisch sind, sollten sich an den f\u00fcr die Verarbeitung Verantwortlichen wenden.<\/p><p>Die eventuelle Verwendung von Cookies &#8211; oder anderer Tracking-Tools &#8211; durch diese Website oder durch die Eigent\u00fcmer der von dieser Website genutzten Dienste Dritter dient, sofern nicht anders angegeben, dem Zweck, den vom Nutzer angeforderten Dienst zu erbringen, zus\u00e4tzlich zu den in diesem Dokument und in der Cookie-Richtlinie, sofern vorhanden, beschriebenen weiteren Zwecken.<\/p><p>Der Nutzer \u00fcbernimmt die Verantwortung f\u00fcr die pers\u00f6nlichen Daten Dritter, die er \u00fcber diese Website erhalten, ver\u00f6ffentlicht oder weitergegeben hat, und garantiert, dass er das Recht hat, diese zu \u00fcbermitteln oder zu verbreiten, wobei er den Eigent\u00fcmer von jeglicher Haftung gegen\u00fcber Dritten befreit.<\/p><p>Methode und Ort der Verarbeitung der erhobenen Daten<\/p><p>Behandlungsmethoden<\/p><p>Der f\u00fcr die Verarbeitung Verantwortliche ergreift geeignete Sicherheitsma\u00dfnahmen, um den unbefugten Zugang, die unbefugte Weitergabe, \u00c4nderung oder Vernichtung personenbezogener Daten zu verhindern.<\/p><p>Die Verarbeitung erfolgt mit Hilfe von Informatik- und\/oder Telematikinstrumenten mit organisatorischen und logischen Methoden, die eng mit den angegebenen Zwecken verbunden sind. Neben dem f\u00fcr die Verarbeitung Verantwortlichen k\u00f6nnen in einigen F\u00e4llen auch andere an der Organisation dieser Website beteiligte Personen (Verwaltungsangestellte-, Handels-, Marketing-, Rechts- und Systemadministratoren) oder externe Personen (wie dritte technische Dienstleister, Postkuriere, Hosting-Provider, IT-Unternehmen, Kommunikationsagenturen), die gegebenenfalls vom f\u00fcr die Verarbeitung Verantwortlichen als Datenverarbeiter benannt werden, Zugang zu den Daten haben. Die aktualisierte Liste der Datenverarbeiter kann jederzeit bei dem f\u00fcr die Verarbeitung Verantwortlichen angefordert werden.<\/p><p>Rechtsgrundlage der Verarbeitung<\/p><p>Der Datenverantwortliche verarbeitet personenbezogene Daten des Nutzers, wenn eine der folgenden Bedingungen erf\u00fcllt ist:<\/p><p>der Nutzer hat seine Einwilligung f\u00fcr einen oder mehrere bestimmte Zwecke gegeben; Hinweis: In einigen Rechtsordnungen kann es dem f\u00fcr die Verarbeitung Verantwortlichen gestattet sein, personenbezogene Daten ohne die Einwilligung des Nutzers oder ohne eine andere der unten genannten Rechtsgrundlagen zu verarbeiten, bis der Nutzer dieser Verarbeitung widerspricht (&#8220;opt out&#8221;). Dies gilt jedoch nicht, wenn die Verarbeitung personenbezogener Daten durch europ\u00e4ische Rechtsvorschriften \u00fcber den Schutz personenbezogener Daten geregelt ist;<\/p><p>die Verarbeitung ist f\u00fcr die Erf\u00fcllung eines Vertrags mit dem Nutzer und\/oder die Durchf\u00fchrung vorvertraglicher Ma\u00dfnahmen erforderlich;<\/p><p>die Verarbeitung ist erforderlich, um einer rechtlichen Verpflichtung nachzukommen, der der f\u00fcr die Verarbeitung Verantwortliche unterliegt;<\/p><p>die Verarbeitung ist f\u00fcr die Wahrnehmung einer Aufgabe erforderlich, die im \u00f6ffentlichen Interesse liegt oder in Aus\u00fcbung \u00f6ffentlicher Gewalt erfolgt, die dem f\u00fcr die Verarbeitung Verantwortlichen \u00fcbertragen wurde;<\/p><p>die Verarbeitung ist zur Verfolgung des berechtigten Interesses des f\u00fcr die Verarbeitung Verantwortlichen oder eines Dritten erforderlich.<\/p><p>Es ist jedoch jederzeit m\u00f6glich, von dem f\u00fcr die Verarbeitung Verantwortlichen zu verlangen, dass er die konkrete Rechtsgrundlage jeder Verarbeitung erl\u00e4utert und insbesondere angibt, ob die Verarbeitung auf einer gesetzlichen Grundlage beruht, durch einen Vertrag vorgeschrieben oder f\u00fcr den Abschluss eines Vertrags erforderlich ist.<\/p><p>Standort<\/p><p>Die Daten werden am operativen Hauptsitz des f\u00fcr die Verarbeitung Verantwortlichen und an jedem anderen Ort verarbeitet, an dem sich die an der Verarbeitung beteiligten Parteien befinden. F\u00fcr weitere Informationen wenden Sie sich bitte an den f\u00fcr die Verarbeitung Verantwortlichen.<\/p><p>Ihre personenbezogenen Daten k\u00f6nnen in ein anderes Land als das Land, in dem Sie sich befinden, \u00fcbermittelt werden. Weitere Informationen dar\u00fcber, wo Ihre personenbezogenen Daten verarbeitet werden, finden Sie im Abschnitt \u00fcber die Einzelheiten der Verarbeitung personenbezogener Daten.<\/p><p>Der Nutzer hat das Recht, Informationen \u00fcber die Rechtsgrundlage f\u00fcr die \u00dcbermittlung von Daten au\u00dferhalb der Europ\u00e4ischen Union oder an eine internationale Organisation, die dem V\u00f6lkerrecht unterliegt oder von zwei oder mehreren L\u00e4ndern gebildet wird, wie z. B. die Vereinten Nationen, sowie \u00fcber die vom f\u00fcr die Verarbeitung Verantwortlichen getroffenen Sicherheitsma\u00dfnahmen zum Schutz der Daten zu erhalten.<\/p><p>Sie k\u00f6nnen \u00fcberpr\u00fcfen, ob eine der oben genannten \u00dcbermittlungen stattfindet, indem Sie den Abschnitt dieses Dokuments, der sich auf die Einzelheiten der Verarbeitung personenbezogener Daten bezieht, lesen oder sich an den f\u00fcr die Verarbeitung Verantwortlichen unter der oben auf dieser Seite angegebenen Adresse wenden.<\/p><p>Konservierungszeitraum<\/p><p>Die Daten werden so lange verarbeitet und gespeichert, wie es die Zwecke, f\u00fcr die sie erhoben wurden, erfordern.<\/p><p>Deshalb:<\/p><p>Personenbezogene Daten, die im Zusammenhang mit der Erf\u00fcllung eines Vertrags zwischen dem f\u00fcr die Verarbeitung Verantwortlichen und dem Nutzer erhoben wurden, werden bis zur Erf\u00fcllung dieses Vertrags gespeichert.<\/p><p>Personenbezogene Daten, die f\u00fcr Zwecke im Zusammenhang mit dem berechtigten Interesse des f\u00fcr die Verarbeitung Verantwortlichen erhoben wurden, werden so lange gespeichert, bis dieses Interesse erf\u00fcllt ist. Der Nutzer kann in den entsprechenden Abschnitten dieses Dokuments oder durch Kontaktaufnahme mit dem f\u00fcr die Verarbeitung Verantwortlichen weitere Informationen \u00fcber das von diesem verfolgte berechtigte Interesse erhalten.<\/p><p>Beruht die Verarbeitung auf der Einwilligung des Nutzers, kann der f\u00fcr die Verarbeitung Verantwortliche die personenbezogenen Daten l\u00e4nger aufbewahren, bis die Einwilligung widerrufen wird. Dar\u00fcber hinaus kann der f\u00fcr die Verarbeitung Verantwortliche aufgrund einer gesetzlichen Verpflichtung oder einer beh\u00f6rdlichen Anordnung verpflichtet sein, personenbezogene Daten f\u00fcr einen l\u00e4ngeren Zeitraum aufzubewahren.<\/p><p>Nach Ablauf der Aufbewahrungsfrist werden die personenbezogenen Daten gel\u00f6scht. Nach Ablauf dieser Frist k\u00f6nnen daher das Recht auf Auskunft, L\u00f6schung, Berichtigung und das Recht auf Daten\u00fcbertragbarkeit nicht mehr ausge\u00fcbt werden.<\/p><p>Zwecke der Verarbeitung der erhobenen Daten<\/p><p>Die Benutzerdaten werden gesammelt, damit der Eigent\u00fcmer seine Dienstleistungen erbringen kann, sowie f\u00fcr folgende Zwecke: Kontaktaufnahme mit dem Benutzer und Statistiken.<\/p><p>Um weitere detaillierte Informationen \u00fcber die Zwecke der Verarbeitung und die f\u00fcr jeden Zweck konkret relevanten personenbezogenen Daten zu erhalten, kann sich der Nutzer auf die entsprechenden Abschnitte dieses Dokuments beziehen.<\/p><p>Einzelheiten der Verarbeitung personenbezogener Daten<\/p><p>Personenbezogene Daten werden f\u00fcr die folgenden Zwecke und unter Nutzung der folgenden Dienste erhoben:<\/p><p>Kontaktaufnahme mit dem Benutzer: Indem der Nutzer das Kontaktformular mit seinen Daten ausf\u00fcllt, erkl\u00e4rt er sich damit einverstanden, dass diese f\u00fcr die Beantwortung von Informationsanfragen, Kostenvoranschl\u00e4gen oder anderen Anfragen, die in der Kopfzeile des Formulars angegeben sind, verwendet werden. Erfasste personenbezogene Daten: Nachname, E-Mail und Vorname.<\/p><p>Akismet: Wir sammeln Informationen \u00fcber Besucher, die auf der Website Kommentare abgeben und unseren Akismet Anti-Spam-Service nutzen. Die gesammelten Informationen h\u00e4ngen davon ab, wie der Benutzer Akismet eingerichtet hat, aber in der Regel umfassen die Informationen die IP-Adresse des Kommentators, den User-Agent, den Referrer und die Website-URL (zusammen mit anderen Informationen, die direkt vom kommentierenden Benutzer bereitgestellt werden, wie Name, Benutzername, E-Mail-Adresse und der Text des Kommentars selbst).<\/p><p>Google Web Fonts: F\u00fcr die einheitliche Darstellung von Schriftarten verwendet diese Seite die von Google bereitgestellten Web Fonts. Wenn Sie eine Seite \u00f6ffnen, l\u00e4dt Ihr Browser die erforderlichen Web-Schriftarten in den Browser-Cache, um Texte und Schriftarten korrekt anzuzeigen. Zu diesem Zweck muss Ihr Browser eine direkte Verbindung zu den Google-Servern herstellen. Google erf\u00e4hrt dadurch, dass \u00fcber Ihre IP-Adresse unsere Webseite aufgerufen wurde. Die Verwendung von Google Web Fonts erfolgt im Interesse einer einheitlichen und ansprechenden Darstellung unseres Plugins. Dies stellt ein berechtigtes Interesse im Sinne von Art. 6 Abs. 1 lit. f DSGVO dar. Wenn Ihr Browser keine Webschriftarten unterst\u00fctzt, wird eine Standardschriftart von Ihrem Computer verwendet. Weitere Informationen zum Umgang mit Nutzerdaten finden Sie unter https:\/\/developers.google.com\/fonts\/faq und in den Datenschutzbestimmungen von Google unter https:\/\/www.google.com\/policies\/privacy\/.<\/p><p>Benutzerrechte<\/p><p>Die Nutzer k\u00f6nnen bestimmte Rechte in Bezug auf die von dem f\u00fcr die Verarbeitung Verantwortlichen verarbeiteten Daten aus\u00fcben.<\/p><p>Der Nutzer hat insbesondere das Recht auf:<\/p><p>die Zustimmung jederzeit widerrufen. Der Nutzer kann die zuvor erteilte Zustimmung zur Verarbeitung seiner personenbezogenen Daten widerrufen.<\/p><p>gegen die Verarbeitung ihrer Daten Widerspruch einlegen. Sie k\u00f6nnen der Verarbeitung Ihrer Daten widersprechen, wenn diese auf einer anderen Rechtsgrundlage als der Ihrer Einwilligung erfolgt. Weitere Einzelheiten zum Widerspruchsrecht finden Sie im folgenden Abschnitt.<\/p><p>auf ihre Daten zugreifen. Der Nutzer hat das Recht, Informationen \u00fcber die von dem f\u00fcr die Verarbeitung Verantwortlichen verarbeiteten Daten sowie \u00fcber bestimmte Aspekte der Verarbeitung zu erhalten und eine Kopie der verarbeiteten Daten zu bekommen.<\/p><p>zu \u00fcberpr\u00fcfen und eine Berichtigung zu beantragen. Der Nutzer kann die Richtigkeit seiner Daten \u00fcberpr\u00fcfen und deren Aktualisierung oder Berichtigung verlangen.<\/p><p>die Einschr\u00e4nkung der Verarbeitung zu erwirken. Wenn bestimmte Bedingungen erf\u00fcllt sind, kann der Nutzer die Einschr\u00e4nkung der Verarbeitung seiner Daten verlangen. In diesem Fall wird der f\u00fcr die Verarbeitung Verantwortliche die Daten nicht zu einem anderen Zweck als ihrer Speicherung verarbeiten.<\/p><p>die L\u00f6schung oder Entfernung ihrer personenbezogenen Daten zu erwirken. Wenn bestimmte Bedingungen erf\u00fcllt sind, kann der Nutzer die L\u00f6schung seiner Daten durch den f\u00fcr die Datenverarbeitung Verantwortlichen beantragen.<\/p><p>ihre Daten zu erhalten oder sie an einen anderen Eigent\u00fcmer zu \u00fcbertragen. Der Nutzer hat das Recht, seine Daten in einem strukturierten, g\u00e4ngigen und maschinenlesbaren Format zu erhalten und sie, soweit technisch m\u00f6glich, ungehindert an einen anderen f\u00fcr die Verarbeitung Verantwortlichen \u00fcbermitteln zu lassen. Diese Bestimmung ist anwendbar, wenn die Daten mit automatisierten Mitteln verarbeitet werden und die Verarbeitung auf der Einwilligung des Nutzers, auf einem Vertrag, dessen Vertragspartei der Nutzer ist, oder auf damit verbundenen vertraglichen Ma\u00dfnahmen beruht.<\/p><p>Schlagen Sie eine Beschwerde vor. Der Nutzer kann bei der zust\u00e4ndigen Datenschutzaufsichtsbeh\u00f6rde Beschwerde einlegen oder den Rechtsweg beschreiten.<\/p><p>Einzelheiten zum Widerspruchsrecht<\/p><p>Werden personenbezogene Daten im \u00f6ffentlichen Interesse, in Aus\u00fcbung hoheitlicher Befugnisse, die dem f\u00fcr die Verarbeitung Verantwortlichen \u00fcbertragen wurden, oder in Verfolgung eines berechtigten Interesses des f\u00fcr die Verarbeitung Verantwortlichen verarbeitet, haben die Nutzer das Recht, aus Gr\u00fcnden, die sich aus ihrer besonderen Situation ergeben, Widerspruch gegen die Verarbeitung einzulegen.<\/p><p>Die Nutzer werden darauf hingewiesen, dass sie im Falle der Verarbeitung ihrer Daten zu Zwecken des Direktmarketings der Verarbeitung ohne Angabe von Gr\u00fcnden widersprechen k\u00f6nnen. Um herauszufinden, ob der f\u00fcr die Verarbeitung Verantwortliche Daten zu Zwecken des Direktmarketings verarbeitet, k\u00f6nnen sich die Nutzer auf die entsprechenden Abschnitte dieses Dokuments beziehen.<\/p><p>Wie Sie Ihre Rechte wahrnehmen k\u00f6nnen<\/p><p>Um ihre Rechte auszu\u00fcben, k\u00f6nnen die Nutzer eine Anfrage an die in diesem Dokument angegebenen Kontaktdaten des f\u00fcr die Verarbeitung Verantwortlichen richten. Die Antr\u00e4ge werden kostenlos gestellt und von dem f\u00fcr die Verarbeitung Verantwortlichen so schnell wie m\u00f6glich, in jedem Fall aber innerhalb eines Monats, bearbeitet.<\/p><p>WEITERE INFORMATIONEN ZUR BEHANDLUNG<\/p><p>Rechtsschutz<\/p><p>Die personenbezogenen Daten des Nutzers k\u00f6nnen von dem f\u00fcr die Verarbeitung Verantwortlichen in Gerichtsverfahren oder in der Vorbereitungsphase solcher Verfahren verwendet werden, um sich gegen Missbrauch bei der Nutzung dieser Website oder der damit verbundenen Dienste durch den Nutzer zu wehren.<\/p><p>Der Nutzer erkl\u00e4rt, dass ihm bekannt ist, dass der f\u00fcr die Datenverarbeitung Verantwortliche verpflichtet sein kann, die Daten auf Anordnung von Beh\u00f6rden weiterzugeben.<\/p><p>Spezifische Informationen<\/p><p>Auf Wunsch des Nutzers kann diese Website dem Nutzer zus\u00e4tzlich zu den in dieser Datenschutzerkl\u00e4rung enthaltenen Informationen zus\u00e4tzliche und kontextbezogene Informationen \u00fcber bestimmte Dienste oder die Erhebung und Verarbeitung personenbezogener Daten zur Verf\u00fcgung stellen.<\/p><p>Systemprotokolle und Wartung<\/p><p>Zu Betriebs- und Wartungszwecken k\u00f6nnen diese Website und die von ihr genutzten Dienste Dritter Systemprotokolle sammeln, d. h. Dateien, die Interaktionen aufzeichnen und die auch personenbezogene Daten wie die IP-Adresse des Nutzers enthalten k\u00f6nnen.<\/p><p>Informationen, die nicht in dieser Politik enthalten sind<\/p><p>Weitere Informationen \u00fcber die Verarbeitung personenbezogener Daten k\u00f6nnen jederzeit bei dem f\u00fcr die Verarbeitung Verantwortlichen unter den angegebenen Kontaktdaten angefordert werden.<\/p><p>Antwort auf &#8220;Do not Track&#8221;-Anfragen<\/p><p>Diese Website unterst\u00fctzt keine &#8220;Do Not Track&#8221;-Anfragen.<\/p><p>Um herauszufinden, ob die verwendeten Dienste Dritter diese unterst\u00fctzen, wird der Nutzer gebeten, die jeweiligen Datenschutzrichtlinien zu konsultieren.<\/p><p>\u00c4nderungen an dieser Datenschutzrichtlinie<\/p><p>Der f\u00fcr die Verarbeitung Verantwortliche beh\u00e4lt sich das Recht vor, jederzeit \u00c4nderungen an dieser Datenschutzerkl\u00e4rung vorzunehmen, indem er die Nutzer auf dieser Seite und, wenn m\u00f6glich, auf dieser Website informiert sowie, sofern technisch und rechtlich m\u00f6glich, eine Mitteilung an die Nutzer \u00fcber eine der Kontaktangaben des f\u00fcr die Verarbeitung Verantwortlichen sendet. Bitte konsultieren Sie diese Seite daher regelm\u00e4\u00dfig und achten Sie auf das Datum der letzten \u00c4nderung, das am Ende der Seite angegeben ist.<\/p><p>Wenn sich die \u00c4nderungen auf eine Verarbeitung auswirken, deren Rechtsgrundlage die Einwilligung ist, holt der f\u00fcr die Verarbeitung Verantwortliche erforderlichenfalls erneut die Einwilligung des Nutzers ein.<\/p><p>Rechtliche Hinweise<\/p><p>Diese Datenschutzrichtlinie wurde auf der Grundlage mehrerer Rechtsvorschriften erstellt, darunter Artikel 13 und 14 der Verordnung (EU) 2016\/679.<\/p><p>Sofern nicht anders angegeben, gilt diese Datenschutzrichtlinie ausschlie\u00dflich f\u00fcr diese Website.<\/p>\t\t\t\t\t\t\t\t<\/div>\n\t\t\t\t<\/div>\n\t\t\t\t\t<\/div>\n\t\t<\/div>\n\t\t\t\t\t<\/div>\n\t\t<\/section>\n\t\t\t\t<\/div>\n\t\t","protected":false},"excerpt":{"rendered":"<p>Datenschutzbeauftragte Agrival 3T Stadtviertel Casale Defensa Serracapriola (FG) &#8211; Apulien &#8211; Italien E-Mail Adresse des Inhabers: info@vallillo.it Arten der erhobenen Daten Zu den pers\u00f6nlichen Daten, die von dieser Website entweder selbst oder \u00fcber Dritte gesammelt werden, geh\u00f6ren: Vorname, Nachname, E-Mail, Cookies und Nutzungsdaten. Ausf\u00fchrliche Angaben zu jeder Art von erfassten Daten finden Sie in den [&hellip;]<\/p>\n","protected":false},"author":1,"featured_media":0,"parent":0,"menu_order":0,"comment_status":"closed","ping_status":"open","template":"","meta":{"_acf_changed":false,"om_disable_all_campaigns":false,"_monsterinsights_skip_tracking":false,"_monsterinsights_sitenote_active":false,"_monsterinsights_sitenote_note":"","_monsterinsights_sitenote_category":0,"footnotes":""},"class_list":["post-2094","page","type-page","status-publish","hentry"],"acf":[],"aioseo_notices":[],"_links":{"self":[{"href":"https:\/\/www.vallillo.it\/de\/wp-json\/wp\/v2\/pages\/2094","targetHints":{"allow":["GET"]}}],"collection":[{"href":"https:\/\/www.vallillo.it\/de\/wp-json\/wp\/v2\/pages"}],"about":[{"href":"https:\/\/www.vallillo.it\/de\/wp-json\/wp\/v2\/types\/page"}],"author":[{"embeddable":true,"href":"https:\/\/www.vallillo.it\/de\/wp-json\/wp\/v2\/users\/1"}],"replies":[{"embeddable":true,"href":"https:\/\/www.vallillo.it\/de\/wp-json\/wp\/v2\/comments?post=2094"}],"version-history":[{"count":1,"href":"https:\/\/www.vallillo.it\/de\/wp-json\/wp\/v2\/pages\/2094\/revisions"}],"predecessor-version":[{"id":3883,"href":"https:\/\/www.vallillo.it\/de\/wp-json\/wp\/v2\/pages\/2094\/revisions\/3883"}],"wp:attachment":[{"href":"https:\/\/www.vallillo.it\/de\/wp-json\/wp\/v2\/media?parent=2094"}],"curies":[{"name":"wp","href":"https:\/\/api.w.org\/{rel}","templated":true}]}}